{"id":3858,"date":"2020-06-30T11:38:55","date_gmt":"2020-06-30T09:38:55","guid":{"rendered":"https:\/\/ideared.eu\/politica-de-privacidad"},"modified":"2020-06-30T11:41:56","modified_gmt":"2020-06-30T09:41:56","slug":"politica-de-privacitat","status":"publish","type":"page","link":"https:\/\/ideared.eu\/ca\/politica-de-privacitat","title":{"rendered":"Pol\u00edtica de Privacitat"},"content":{"rendered":"<p style=\"text-align: justify;\">En\u00a0base\u00a0al disposat\u00a0al Reglament General de Protecci\u00f3 de Dades 2016\/679 (RGPD) la present Pol\u00edtica de Privacitat estableix els termes en qu\u00e8 IdeaRed utilitza i protegeix la informaci\u00f3 que \u00e9s proporcionada pels seus usuaris en el moment d\u2019utilitzar el lloc web. Quan et demanem informaci\u00f3 personal amb la qual puguis ser identificat, ho fem assegurant que nom\u00e9s es far\u00e0 servir d\u2019acord amb els termes d\u2019aquest document. No obstant aix\u00f2 aquesta pol\u00edtica de privacitat pot canviar amb el temps o ser actualitzada per la qual cosa et\u00a0<strong>recomanem revisar cont\u00ednuament aquesta p\u00e0gina<\/strong>\u00a0per assegurar-te que est\u00e0s d\u2019acord amb aquests canvis.<\/p>\n<h3 style=\"text-align: justify;\">RESPONSABLE<\/h3>\n<h4 style=\"text-align: justify;\">INFORMACI\u00d3 EMPRESA<\/h4>\n<p style=\"text-align: justify;\">IdeaRed Solutions S.L.<br \/>\n<strong>CIF:<\/strong>\u00a0B65812919<\/p>\n<p style=\"text-align: justify;\"><strong>Adre\u00e7a\u00a0Fiscal:<\/strong>\u00a0Rambla Catalunya 38, 8a<br \/>\n08007 Barcelona<\/p>\n<p style=\"text-align: justify;\"><strong>Tel\u00e8fon:<\/strong>\u00a0640868775<br \/>\n<strong>Correu electr\u00f2nic:<\/strong>\u00a0<a href=\"mailto:idea@ideared.eu\">idea@ideared.eu<\/a><\/p>\n<h3 style=\"text-align: justify;\">FINALITAT<\/h3>\n<p style=\"text-align: justify;\">El nostre lloc web podr\u00e0 recollir informaci\u00f3 personal per exemple: Nom, informaci\u00f3 de contacte com la teva adre\u00e7a de correu electr\u00f2nic o altra informaci\u00f3 personal.<\/p>\n<p style=\"text-align: justify;\">IdeaRed nom\u00e9s podr\u00e0 recollir informaci\u00f3 per a les seg\u00fcents finalitats:<\/p>\n<ul style=\"text-align: justify;\">\n<li>En cas de contractaci\u00f3 de serveis oferts a trav\u00e9s del lloc web, per mantenir la relaci\u00f3 contractual, aix\u00ed com la gesti\u00f3, administraci\u00f3, informaci\u00f3, prestaci\u00f3 i millora del servei.<\/li>\n<li>Enviament d\u2019informaci\u00f3 sol\u00b7licitada a trav\u00e9s dels formularis del lloc web.<\/li>\n<li>Remetre butlletins -newsletters-, aix\u00ed com comunicacions comercials de promocions i\/o publicitat del lloc web.<\/li>\n<\/ul>\n<p style=\"text-align: justify;\">Recordem que pots oposar-te a l\u2019enviament de comunicacions comercials en qualsevol moment enviant un correu electr\u00f2nic a\u00a0<a href=\"mailto:idea@ideared.eu\">idea@ideared.eu<\/a>.<\/p>\n<h3 style=\"text-align: justify;\">LEGITIMITAT<\/h3>\n<p style=\"text-align: justify;\">El tractament de les teves dades es realitza amb les seg\u00fcents bases jur\u00eddiques que\u00a0en legitimen el tractament:<\/p>\n<ul style=\"text-align: justify;\">\n<li>La sol\u00b7licitud d\u2019informaci\u00f3 i\/o la contractaci\u00f3 dels serveis d\u2019ideaRed, els termes i condicions es posaran a la teva disposici\u00f3 en tot cas, de forma pr\u00e8via a una eventual contractaci\u00f3.<\/li>\n<li>El consentiment lliure, espec\u00edfic, informat i inequ\u00edvoc, en tant que et vam informar posant a la teva disposici\u00f3 la present pol\u00edtica de privacitat, que despr\u00e9s de la lectura de la mateixa, en cas d\u2019estar conforme, pots acceptar mitjan\u00e7ant una declaraci\u00f3 o una clara acci\u00f3 afirmativa, com el marcat d\u2019una casella disposada a aquest efecte.<\/li>\n<\/ul>\n<p style=\"text-align: justify;\">En cas que no ens facilitis les teves dades o\u00a0ho facis de forma err\u00f2nia o incompleta, no podrem atendre la teva sol\u00b7licitud, resultant del tot impossible proporcionar la informaci\u00f3 sol\u00b7licitada o dur a terme la contractaci\u00f3 dels serveis.<\/p>\n<h3 style=\"text-align: justify;\">TERMINI\u00a0DE CONSERVACI\u00d3 DE\u00a0DADES<\/h3>\n<p style=\"text-align: justify;\">Les dades proporcionades es conservaran mentre no se sol\u00b7liciti el cessament de l\u2019activitat, es mantingui la relaci\u00f3 comercial, durant els anys necessaris per complir amb les obligacions legals o fins que deixin de ser necess\u00e0ries o pertinents per a la finalitat per a la qual\u00a0van ser recaptades o registrades.<\/p>\n<h3 style=\"text-align: justify;\">DESTINATARIS<\/h3>\n<p style=\"text-align: justify;\">IdeaRed no vendr\u00e0, cedir\u00e0 o distribuir\u00e0 la informaci\u00f3 personal que \u00e9s recopilada sense el teu consentiment, llevat que sigui requerit per un jutge amb un ordre judicial.<\/p>\n<h3 style=\"text-align: justify;\">DRETS<\/h3>\n<p style=\"text-align: justify;\">Com interessat que ens has proporcionat les teves dades personals, tens tot el dret a obtenir confirmaci\u00f3 sobre si a ideaRed estem tractant les teves dades personals, i en concret est\u00e0s facultat per exercitar els drets que la normativa en mat\u00e8ria de protecci\u00f3 de dades et reconeix:<\/p>\n<ul style=\"text-align: justify;\">\n<li>Dret d\u2019ACC\u00c9S a les teves dades personals.<\/li>\n<li>Drets de sol\u00b7licitar la RECTIFICACI\u00d3 de les dades inexactes.<\/li>\n<li>Dret de sol\u00b7licitar la seva SUPRESSI\u00d3 quan, entre d\u2019altres motius, les dades ja no siguin necess\u00e0ries per als fins en qu\u00e8 van ser recollides.<\/li>\n<li>En determinades circumst\u00e0ncies, podr\u00e0s sol\u00b7licitar la LIMITACI\u00d3 DEL TRACTAMENT de les dades, \u00fanicament\u00a0les conservarem per a l\u2019exercici o la defensa de reclamacions.<\/li>\n<li>En determinades circumst\u00e0ncies i per motius relacionats amb la seva situaci\u00f3 particular, els interessats podran exercitar el seu dret d\u2019OPOSICI\u00d3 al tractament de les seves dades. Deixarem de tractar les dades, excepte per motius leg\u00edtims imperiosos, o l\u2019exercici o la defensa de possibles reclamacions.<\/li>\n<li>En determinades circumst\u00e0ncies i per motius relacionats amb la teva situaci\u00f3 particular, podr\u00e0s sol\u00b7licitar el teu dret a la PORTABILITAT de les dades.<\/li>\n<\/ul>\n<p style=\"text-align: justify;\">En qualsevol moment pots restringir la recopilaci\u00f3 o l\u2019\u00fas de la informaci\u00f3 personal que \u00e9s proporcionada al nostre lloc web. Per fer-ho n\u2019hi haur\u00e0 prou amb trucar-nos al 640868775 o b\u00e9 enviar-nos un correu electr\u00f2nic a\u00a0<a href=\"mailto:idea@ideared.eu\">idea@ideared.eu<\/a>.<\/p>\n<p style=\"text-align: justify;\">A m\u00e9s, en cas que s\u2019hagi vulnerat qualsevol dels teus drets, tens dret a presentar una reclamaci\u00f3 davant l\u2019Ag\u00e8ncia Espanyola de Protecci\u00f3 de Dades (AEPD), al C \/ Jorge Juan, 6, 28001-Madrid o a trav\u00e9s de la seu electr\u00f2nica de l\u2019AEPD:\u00a0<a href=\"https:\/\/sedeagpd.gob.es\/sede-electronica-web\/\" target=\"_blank\" rel=\"noopener noreferrer\">https:\/\/sedeagpd.gob.es\/sede-electronica-web\/<\/a><\/p>\n<h3 style=\"text-align: justify;\">INFORMACI\u00d3 ADICIONAL<\/h3>\n<h4 style=\"text-align: justify;\">ENLLA\u00c7OS A TERCERS<\/h4>\n<p style=\"text-align: justify;\">Aquest lloc web pot contenir enlla\u00e7os a altres llocs que poden ser del teu inter\u00e8s. Una vegada que facis clic en aquests enlla\u00e7os i abandonis la nostra p\u00e0gina, ja no tenim control sobre el lloc al qual ser\u00e0s redirigit i per tant no som responsables dels termes o privacitat ni de la protecci\u00f3 de les teves dades en aquests altres llocs tercers. Aquests llocs estan subjectes a les seves pr\u00f2pies pol\u00edtiques de privacitat per la qual cosa \u00e9s recomanable que les consultis per confirmar que est\u00e0s d\u2019acord amb elles.<\/p>\n<h4 style=\"text-align: justify;\">SEGURETAT DE LA INFORMACI\u00d3 RECOLLIDA<\/h4>\n<p style=\"text-align: justify;\">IdeaRed est\u00e0 altament compromesa per complir amb el comprom\u00eds de mantenir la teva informaci\u00f3 segura. Fem servir els sistemes m\u00e9s avan\u00e7ats i els actualitzem constantment per assegurar-nos que no hi hagi cap acc\u00e9s no autoritzat.<\/p>\n<h4 style=\"text-align: justify;\">COOKIES<\/h4>\n<p style=\"text-align: justify;\">Les cookies s\u00f3n fitxers que es poden descarregar al\u00a0 teu equip des de les p\u00e0gines web. S\u00f3n eines amb un paper essencial en la prestaci\u00f3 de nombrosos serveis de la societat de la informaci\u00f3. Entre altres, permeten que una p\u00e0gina web emmagatzemi i recuperi informaci\u00f3 sobre els h\u00e0bits de navegaci\u00f3 d\u2019un usuari o del seu equip. La informaci\u00f3 obtinguda pot utilitzar-se per a recon\u00e8ixer l\u2019usuari i millorar el serveix que se li ofereix.<\/p>\n<p style=\"text-align: justify;\">El nostre lloc web fa servir cookies per a poder identificar les p\u00e0gines que s\u00f3n visitades i la seva freq\u00fc\u00e8ncia mitjan\u00e7ant Google Analytics. Aquesta informaci\u00f3 \u00e9s emprada \u00fanicament per a an\u00e0lisi estad\u00edstica i despr\u00e9s la informaci\u00f3 s\u2019elimina de forma permanent. Pots eliminar les galetes en qualsevol moment des del teu ordinador o b\u00e9\u00a0<a href=\"https:\/\/tools.google.com\/dlpage\/gaoptout\" target=\"_blank\" rel=\"noopener noreferrer\">instalar un complement al teu navegador<\/a>\u00a0per evitar que les teves dades siguin utilitzades per Google Analytics. M\u00e9s informaci\u00f3 sobre la nostra\u00a0<a href=\"http:\/\/ideared.eu\/ca\/politica-de-cookies\/\">Pol\u00edtica de Cookies<\/a>.<\/p>\n","protected":false},"excerpt":{"rendered":"<p>En\u00a0base\u00a0al disposat\u00a0al Reglament General de Protecci\u00f3 de Dades 2016\/679 (RGPD) la present Pol\u00edtica de Privacitat estableix els termes en qu\u00e8 IdeaRed utilitza i protegeix la informaci\u00f3 que \u00e9s proporcionada pels seus usuaris en el moment d\u2019utilitzar el lloc web. Quan et demanem informaci\u00f3 personal amb la qual puguis ser identificat, ho fem assegurant que nom\u00e9s [&hellip;]<\/p>\n","protected":false},"author":1,"featured_media":0,"parent":0,"menu_order":0,"comment_status":"closed","ping_status":"closed","template":"","meta":{"_acf_changed":false,"footnotes":""},"class_list":["post-3858","page","type-page","status-publish","hentry"],"acf":[],"yoast_head":"<!-- This site is optimized with the Yoast SEO plugin v23.7 - https:\/\/yoast.com\/wordpress\/plugins\/seo\/ -->\n<title>Pol\u00edtica de Privacitat - ideaRed<\/title>\n<meta name=\"robots\" content=\"index, follow, max-snippet:-1, max-image-preview:large, max-video-preview:-1\" \/>\n<link rel=\"canonical\" href=\"https:\/\/ideared.eu\/ca\/politica-de-privacitat\" \/>\n<meta property=\"og:locale\" content=\"ca_ES\" \/>\n<meta property=\"og:type\" content=\"article\" \/>\n<meta property=\"og:title\" content=\"Pol\u00edtica de Privacitat - ideaRed\" \/>\n<meta property=\"og:description\" content=\"En\u00a0base\u00a0al disposat\u00a0al Reglament General de Protecci\u00f3 de Dades 2016\/679 (RGPD) la present Pol\u00edtica de Privacitat estableix els termes en qu\u00e8 IdeaRed utilitza i protegeix la informaci\u00f3 que \u00e9s proporcionada pels seus usuaris en el moment d\u2019utilitzar el lloc web. Quan et demanem informaci\u00f3 personal amb la qual puguis ser identificat, ho fem assegurant que nom\u00e9s [&hellip;]\" \/>\n<meta property=\"og:url\" content=\"https:\/\/ideared.eu\/ca\/politica-de-privacitat\" \/>\n<meta property=\"og:site_name\" content=\"ideaRed\" \/>\n<meta property=\"article:modified_time\" content=\"2020-06-30T09:41:56+00:00\" \/>\n<meta name=\"twitter:card\" content=\"summary_large_image\" \/>\n<meta name=\"twitter:label1\" content=\"Temps estimat de lectura\" \/>\n\t<meta name=\"twitter:data1\" content=\"6 minuts\" \/>\n<script type=\"application\/ld+json\" class=\"yoast-schema-graph\">{\"@context\":\"https:\/\/schema.org\",\"@graph\":[{\"@type\":\"WebPage\",\"@id\":\"https:\/\/ideared.eu\/ca\/politica-de-privacitat\",\"url\":\"https:\/\/ideared.eu\/ca\/politica-de-privacitat\",\"name\":\"Pol\u00edtica de Privacitat - ideaRed\",\"isPartOf\":{\"@id\":\"https:\/\/ideared.eu\/ca#website\"},\"datePublished\":\"2020-06-30T09:38:55+00:00\",\"dateModified\":\"2020-06-30T09:41:56+00:00\",\"breadcrumb\":{\"@id\":\"https:\/\/ideared.eu\/ca\/politica-de-privacitat#breadcrumb\"},\"inLanguage\":\"ca\",\"potentialAction\":[{\"@type\":\"ReadAction\",\"target\":[\"https:\/\/ideared.eu\/ca\/politica-de-privacitat\"]}]},{\"@type\":\"BreadcrumbList\",\"@id\":\"https:\/\/ideared.eu\/ca\/politica-de-privacitat#breadcrumb\",\"itemListElement\":[{\"@type\":\"ListItem\",\"position\":1,\"name\":\"Home\",\"item\":\"https:\/\/ideared.eu\/ca\"},{\"@type\":\"ListItem\",\"position\":2,\"name\":\"Pol\u00edtica de Privacitat\"}]},{\"@type\":\"WebSite\",\"@id\":\"https:\/\/ideared.eu\/ca#website\",\"url\":\"https:\/\/ideared.eu\/ca\",\"name\":\"ideaRed\",\"description\":\"Consultor\u00eda, marketing online y desarrollo web\",\"potentialAction\":[{\"@type\":\"SearchAction\",\"target\":{\"@type\":\"EntryPoint\",\"urlTemplate\":\"https:\/\/ideared.eu\/ca?s={search_term_string}\"},\"query-input\":{\"@type\":\"PropertyValueSpecification\",\"valueRequired\":true,\"valueName\":\"search_term_string\"}}],\"inLanguage\":\"ca\"}]}<\/script>\n<!-- \/ Yoast SEO plugin. -->","yoast_head_json":{"title":"Pol\u00edtica de Privacitat - ideaRed","robots":{"index":"index","follow":"follow","max-snippet":"max-snippet:-1","max-image-preview":"max-image-preview:large","max-video-preview":"max-video-preview:-1"},"canonical":"https:\/\/ideared.eu\/ca\/politica-de-privacitat","og_locale":"ca_ES","og_type":"article","og_title":"Pol\u00edtica de Privacitat - ideaRed","og_description":"En\u00a0base\u00a0al disposat\u00a0al Reglament General de Protecci\u00f3 de Dades 2016\/679 (RGPD) la present Pol\u00edtica de Privacitat estableix els termes en qu\u00e8 IdeaRed utilitza i protegeix la informaci\u00f3 que \u00e9s proporcionada pels seus usuaris en el moment d\u2019utilitzar el lloc web. Quan et demanem informaci\u00f3 personal amb la qual puguis ser identificat, ho fem assegurant que nom\u00e9s [&hellip;]","og_url":"https:\/\/ideared.eu\/ca\/politica-de-privacitat","og_site_name":"ideaRed","article_modified_time":"2020-06-30T09:41:56+00:00","twitter_card":"summary_large_image","twitter_misc":{"Temps estimat de lectura":"6 minuts"},"schema":{"@context":"https:\/\/schema.org","@graph":[{"@type":"WebPage","@id":"https:\/\/ideared.eu\/ca\/politica-de-privacitat","url":"https:\/\/ideared.eu\/ca\/politica-de-privacitat","name":"Pol\u00edtica de Privacitat - ideaRed","isPartOf":{"@id":"https:\/\/ideared.eu\/ca#website"},"datePublished":"2020-06-30T09:38:55+00:00","dateModified":"2020-06-30T09:41:56+00:00","breadcrumb":{"@id":"https:\/\/ideared.eu\/ca\/politica-de-privacitat#breadcrumb"},"inLanguage":"ca","potentialAction":[{"@type":"ReadAction","target":["https:\/\/ideared.eu\/ca\/politica-de-privacitat"]}]},{"@type":"BreadcrumbList","@id":"https:\/\/ideared.eu\/ca\/politica-de-privacitat#breadcrumb","itemListElement":[{"@type":"ListItem","position":1,"name":"Home","item":"https:\/\/ideared.eu\/ca"},{"@type":"ListItem","position":2,"name":"Pol\u00edtica de Privacitat"}]},{"@type":"WebSite","@id":"https:\/\/ideared.eu\/ca#website","url":"https:\/\/ideared.eu\/ca","name":"ideaRed","description":"Consultor\u00eda, marketing online y desarrollo web","potentialAction":[{"@type":"SearchAction","target":{"@type":"EntryPoint","urlTemplate":"https:\/\/ideared.eu\/ca?s={search_term_string}"},"query-input":{"@type":"PropertyValueSpecification","valueRequired":true,"valueName":"search_term_string"}}],"inLanguage":"ca"}]}},"_links":{"self":[{"href":"https:\/\/ideared.eu\/ca\/wp-json\/wp\/v2\/pages\/3858"}],"collection":[{"href":"https:\/\/ideared.eu\/ca\/wp-json\/wp\/v2\/pages"}],"about":[{"href":"https:\/\/ideared.eu\/ca\/wp-json\/wp\/v2\/types\/page"}],"author":[{"embeddable":true,"href":"https:\/\/ideared.eu\/ca\/wp-json\/wp\/v2\/users\/1"}],"replies":[{"embeddable":true,"href":"https:\/\/ideared.eu\/ca\/wp-json\/wp\/v2\/comments?post=3858"}],"version-history":[{"count":1,"href":"https:\/\/ideared.eu\/ca\/wp-json\/wp\/v2\/pages\/3858\/revisions"}],"predecessor-version":[{"id":3859,"href":"https:\/\/ideared.eu\/ca\/wp-json\/wp\/v2\/pages\/3858\/revisions\/3859"}],"wp:attachment":[{"href":"https:\/\/ideared.eu\/ca\/wp-json\/wp\/v2\/media?parent=3858"}],"curies":[{"name":"wp","href":"https:\/\/api.w.org\/{rel}","templated":true}]}}