{"id":3860,"date":"2020-06-30T11:37:19","date_gmt":"2020-06-30T09:37:19","guid":{"rendered":"https:\/\/ideared.eu\/politica-de-cookies"},"modified":"2024-10-24T11:13:27","modified_gmt":"2024-10-24T09:13:27","slug":"politica-de-cookies","status":"publish","type":"page","link":"https:\/\/ideared.eu\/ca\/politica-de-cookies","title":{"rendered":"Pol\u00edtica de cookies"},"content":{"rendered":"<p style=\"text-align: justify;\">Les cookies s\u00f3n fitxers que es poden descarregar al vostre equip des de les p\u00e0gines web. S\u00f3n eines amb un paper essencial en la prestaci\u00f3 de nombrosos serveis de la societat de la informaci\u00f3. Entre altres, permeten que una p\u00e0gina web emmagatzemi i recuperi informaci\u00f3 sobre els h\u00e0bits de navegaci\u00f3 d\u2019un usuari o del seu equip. La informaci\u00f3 obtinguda pot utilitzar-se per a recon\u00e8ixer l\u2019usuari i millorar el serveix que se li ofereix.<\/p>\n<h3 style=\"text-align: justify;\">TIPUS DE COOKIES<\/h3>\n<p style=\"text-align: justify;\">Segons l\u2019entitat que gestioni el domini des del qual s\u2019envien les cookies i tracti les dades obtingudes, es divideixen en\u00a0<strong>cookies pr\u00f2pies<\/strong>\u00a0i<strong>\u00a0cookies de tercers<\/strong>.<\/p>\n<p style=\"text-align: justify;\">Tamb\u00e9 existeix una segona classificaci\u00f3 segons el termini de temps d\u2019emmagatzematge en el navegador del client. En aquest cas es parla de\u00a0<strong>cookies de sessi\u00f3\u00a0<\/strong>o de<strong>\u00a0cookies persistents<\/strong>.<\/p>\n<p style=\"text-align: justify;\">Finalment, una altra classificaci\u00f3 estableix cinc tipus de cookies\u00a0 basant-se en la finalitat del tractament de les dades obtingudes:\u00a0<strong>cookies t\u00e8cniques<\/strong>,\u00a0<strong>cookies de personalitzaci\u00f3<\/strong>,\u00a0<strong>cookies d\u2019an\u00e0lisi<\/strong>,\u00a0<strong>cookies publicit\u00e0ries<\/strong>\u00a0i\u00a0<strong>cookies de publicitat comportamental<\/strong>.<\/p>\n<p style=\"text-align: justify;\">Si desitgeu m\u00e9s informaci\u00f3 sobre les cookies, podeu consultar la\u00a0<a href=\"http:\/\/www.agpd.es\/portalwebAGPD\/canaldocumentacion\/publicaciones\/common\/Guias\/Guia_Cookies.pdf\" target=\"_blank\" rel=\"noopener noreferrer\">Gu\u00eda sobre l\u2019\u00fas de cookies de l\u2019Ag\u00e8ncia Espanyola de Protecci\u00f3 de Dades<\/a>\u00a0(en castell\u00e0).<\/p>\n<h3 style=\"text-align: justify;\">COOKIES UTILITZADES A\u00a0<a href=\"https:\/\/ideared.eu\/ca\/politica-de-cookies\/ideared.eu\">IDEARED.EU<\/a><\/h3>\n<p style=\"text-align: justify;\">A continuaci\u00f3 s\u2019identifiquen les cookies que utilitza aquest portal, aix\u00ed com la seva tipologia i funci\u00f3:<\/p>\n<div class=\"cky-audit-table-element\"><\/div>\n<h4>GESTIONAR LES PREFER\u00c8NCIES DE COOKIES<\/h4>\n<p><a class=\"cky-banner-element\">Configuraci\u00f3 de cookies<\/a><br \/>\nPodeu canviar les vostres prefer\u00e8ncies de cookies en qualsevol moment fent clic a l&#8217;enlla\u00e7 de dalt. Aix\u00f2 us permetr\u00e0 tornar a visitar el banner de consentiment de cookies i canviar les vostres prefer\u00e8ncies o retirar el vostre consentiment immediatament.<\/p>\n<h3 style=\"text-align: justify;\">MODIFICAR LA CONFIGURACI\u00d3 DE LES COOKIES<\/h3>\n<p style=\"text-align: justify;\">Podeu restringir, bloquejar o esborrar les cookies de qualsevol p\u00e0gina web utilitzant el navegador. Cada navegador t\u00e9 una manera diferent que podreu veure a la funci\u00f3 d\u2019<strong>Ajuda<\/strong>.<\/p>\n<ul style=\"text-align: justify;\">\n<li><a href=\"http:\/\/www.google.es\/intl\/ca\/policies\/technologies\/managing\/\" target=\"_blank\" rel=\"noopener noreferrer\">Chrome<\/a><\/li>\n<li><a href=\"http:\/\/support.mozilla.org\/ca\/kb\/Galetes\" target=\"_blank\" rel=\"noopener noreferrer\">Firefox<\/a><\/li>\n<li><a href=\"https:\/\/support.microsoft.com\/es-es\/windows\/administrar-cookies-en-microsoft-edge-ver-permitir-bloquear-eliminar-y-usar-168dab11-0753-043d-7c16-ede5947fc64d\" target=\"_blank\" rel=\"noopener noreferrer\">Microsoft Edge<\/a>\u00a0(castell\u00e0)<\/li>\n<li><a href=\"https:\/\/support.apple.com\/kb\/PH21411?locale=es_ES&amp;viewlocale=es_ES\" target=\"_blank\" rel=\"noopener noreferrer\">Safari<\/a>\u00a0(castell\u00e0)<\/li>\n<\/ul>\n<p style=\"text-align: justify;\">A m\u00e9s, tamb\u00e9 podeu gestionar l\u2019emmagatzematge de cookies en el navegador mitjan\u00e7ant eines com les seg\u00fcents:<\/p>\n<p style=\"text-align: justify;\">Ghostery:\u00a0<a href=\"http:\/\/www.ghostery.com\/\" target=\"_blank\" rel=\"noopener noreferrer\">www.ghostery.com\/<\/a><br \/>\nYour online choices:\u00a0<a href=\"http:\/\/www.youronlinechoices.com\/es\/\" target=\"_blank\" rel=\"noopener noreferrer\">www.youronlinechoices.com\/es\/<\/a><\/p>\n","protected":false},"excerpt":{"rendered":"<p>Les cookies s\u00f3n fitxers que es poden descarregar al vostre equip des de les p\u00e0gines web. S\u00f3n eines amb un paper essencial en la prestaci\u00f3 de nombrosos serveis de la societat de la informaci\u00f3. Entre altres, permeten que una p\u00e0gina web emmagatzemi i recuperi informaci\u00f3 sobre els h\u00e0bits de navegaci\u00f3 d\u2019un usuari o del seu [&hellip;]<\/p>\n","protected":false},"author":1,"featured_media":0,"parent":0,"menu_order":0,"comment_status":"closed","ping_status":"closed","template":"","meta":{"_acf_changed":false,"footnotes":""},"class_list":["post-3860","page","type-page","status-publish","hentry"],"acf":[],"yoast_head":"<!-- This site is optimized with the Yoast SEO plugin v23.7 - https:\/\/yoast.com\/wordpress\/plugins\/seo\/ -->\n<title>Pol\u00edtica de cookies - ideaRed<\/title>\n<meta name=\"robots\" content=\"index, follow, max-snippet:-1, max-image-preview:large, max-video-preview:-1\" \/>\n<link rel=\"canonical\" href=\"https:\/\/ideared.eu\/ca\/politica-de-cookies\" \/>\n<meta property=\"og:locale\" content=\"ca_ES\" \/>\n<meta property=\"og:type\" content=\"article\" \/>\n<meta property=\"og:title\" content=\"Pol\u00edtica de cookies - ideaRed\" \/>\n<meta property=\"og:description\" content=\"Les cookies s\u00f3n fitxers que es poden descarregar al vostre equip des de les p\u00e0gines web. S\u00f3n eines amb un paper essencial en la prestaci\u00f3 de nombrosos serveis de la societat de la informaci\u00f3. Entre altres, permeten que una p\u00e0gina web emmagatzemi i recuperi informaci\u00f3 sobre els h\u00e0bits de navegaci\u00f3 d\u2019un usuari o del seu [&hellip;]\" \/>\n<meta property=\"og:url\" content=\"https:\/\/ideared.eu\/ca\/politica-de-cookies\" \/>\n<meta property=\"og:site_name\" content=\"ideaRed\" \/>\n<meta property=\"article:modified_time\" content=\"2024-10-24T09:13:27+00:00\" \/>\n<meta name=\"twitter:card\" content=\"summary_large_image\" \/>\n<meta name=\"twitter:label1\" content=\"Temps estimat de lectura\" \/>\n\t<meta name=\"twitter:data1\" content=\"2 minuts\" \/>\n<script type=\"application\/ld+json\" class=\"yoast-schema-graph\">{\"@context\":\"https:\/\/schema.org\",\"@graph\":[{\"@type\":\"WebPage\",\"@id\":\"https:\/\/ideared.eu\/ca\/politica-de-cookies\",\"url\":\"https:\/\/ideared.eu\/ca\/politica-de-cookies\",\"name\":\"Pol\u00edtica de cookies - ideaRed\",\"isPartOf\":{\"@id\":\"https:\/\/ideared.eu\/ca#website\"},\"datePublished\":\"2020-06-30T09:37:19+00:00\",\"dateModified\":\"2024-10-24T09:13:27+00:00\",\"breadcrumb\":{\"@id\":\"https:\/\/ideared.eu\/ca\/politica-de-cookies#breadcrumb\"},\"inLanguage\":\"ca\",\"potentialAction\":[{\"@type\":\"ReadAction\",\"target\":[\"https:\/\/ideared.eu\/ca\/politica-de-cookies\"]}]},{\"@type\":\"BreadcrumbList\",\"@id\":\"https:\/\/ideared.eu\/ca\/politica-de-cookies#breadcrumb\",\"itemListElement\":[{\"@type\":\"ListItem\",\"position\":1,\"name\":\"Home\",\"item\":\"https:\/\/ideared.eu\/ca\"},{\"@type\":\"ListItem\",\"position\":2,\"name\":\"Pol\u00edtica de cookies\"}]},{\"@type\":\"WebSite\",\"@id\":\"https:\/\/ideared.eu\/ca#website\",\"url\":\"https:\/\/ideared.eu\/ca\",\"name\":\"ideaRed\",\"description\":\"Consultor\u00eda, marketing online y desarrollo web\",\"potentialAction\":[{\"@type\":\"SearchAction\",\"target\":{\"@type\":\"EntryPoint\",\"urlTemplate\":\"https:\/\/ideared.eu\/ca?s={search_term_string}\"},\"query-input\":{\"@type\":\"PropertyValueSpecification\",\"valueRequired\":true,\"valueName\":\"search_term_string\"}}],\"inLanguage\":\"ca\"}]}<\/script>\n<!-- \/ Yoast SEO plugin. -->","yoast_head_json":{"title":"Pol\u00edtica de cookies - ideaRed","robots":{"index":"index","follow":"follow","max-snippet":"max-snippet:-1","max-image-preview":"max-image-preview:large","max-video-preview":"max-video-preview:-1"},"canonical":"https:\/\/ideared.eu\/ca\/politica-de-cookies","og_locale":"ca_ES","og_type":"article","og_title":"Pol\u00edtica de cookies - ideaRed","og_description":"Les cookies s\u00f3n fitxers que es poden descarregar al vostre equip des de les p\u00e0gines web. S\u00f3n eines amb un paper essencial en la prestaci\u00f3 de nombrosos serveis de la societat de la informaci\u00f3. Entre altres, permeten que una p\u00e0gina web emmagatzemi i recuperi informaci\u00f3 sobre els h\u00e0bits de navegaci\u00f3 d\u2019un usuari o del seu [&hellip;]","og_url":"https:\/\/ideared.eu\/ca\/politica-de-cookies","og_site_name":"ideaRed","article_modified_time":"2024-10-24T09:13:27+00:00","twitter_card":"summary_large_image","twitter_misc":{"Temps estimat de lectura":"2 minuts"},"schema":{"@context":"https:\/\/schema.org","@graph":[{"@type":"WebPage","@id":"https:\/\/ideared.eu\/ca\/politica-de-cookies","url":"https:\/\/ideared.eu\/ca\/politica-de-cookies","name":"Pol\u00edtica de cookies - ideaRed","isPartOf":{"@id":"https:\/\/ideared.eu\/ca#website"},"datePublished":"2020-06-30T09:37:19+00:00","dateModified":"2024-10-24T09:13:27+00:00","breadcrumb":{"@id":"https:\/\/ideared.eu\/ca\/politica-de-cookies#breadcrumb"},"inLanguage":"ca","potentialAction":[{"@type":"ReadAction","target":["https:\/\/ideared.eu\/ca\/politica-de-cookies"]}]},{"@type":"BreadcrumbList","@id":"https:\/\/ideared.eu\/ca\/politica-de-cookies#breadcrumb","itemListElement":[{"@type":"ListItem","position":1,"name":"Home","item":"https:\/\/ideared.eu\/ca"},{"@type":"ListItem","position":2,"name":"Pol\u00edtica de cookies"}]},{"@type":"WebSite","@id":"https:\/\/ideared.eu\/ca#website","url":"https:\/\/ideared.eu\/ca","name":"ideaRed","description":"Consultor\u00eda, marketing online y desarrollo web","potentialAction":[{"@type":"SearchAction","target":{"@type":"EntryPoint","urlTemplate":"https:\/\/ideared.eu\/ca?s={search_term_string}"},"query-input":{"@type":"PropertyValueSpecification","valueRequired":true,"valueName":"search_term_string"}}],"inLanguage":"ca"}]}},"_links":{"self":[{"href":"https:\/\/ideared.eu\/ca\/wp-json\/wp\/v2\/pages\/3860"}],"collection":[{"href":"https:\/\/ideared.eu\/ca\/wp-json\/wp\/v2\/pages"}],"about":[{"href":"https:\/\/ideared.eu\/ca\/wp-json\/wp\/v2\/types\/page"}],"author":[{"embeddable":true,"href":"https:\/\/ideared.eu\/ca\/wp-json\/wp\/v2\/users\/1"}],"replies":[{"embeddable":true,"href":"https:\/\/ideared.eu\/ca\/wp-json\/wp\/v2\/comments?post=3860"}],"version-history":[{"count":3,"href":"https:\/\/ideared.eu\/ca\/wp-json\/wp\/v2\/pages\/3860\/revisions"}],"predecessor-version":[{"id":5699,"href":"https:\/\/ideared.eu\/ca\/wp-json\/wp\/v2\/pages\/3860\/revisions\/5699"}],"wp:attachment":[{"href":"https:\/\/ideared.eu\/ca\/wp-json\/wp\/v2\/media?parent=3860"}],"curies":[{"name":"wp","href":"https:\/\/api.w.org\/{rel}","templated":true}]}}