{"id":4058,"date":"2020-03-09T15:38:18","date_gmt":"2020-03-09T14:38:18","guid":{"rendered":"https:\/\/ideared.eu\/blog-de-ideas-2"},"modified":"2022-05-20T11:09:54","modified_gmt":"2022-05-20T09:09:54","slug":"blog-idees","status":"publish","type":"page","link":"https:\/\/ideared.eu\/ca\/blog-idees","title":{"rendered":"Blog d&#8217;idees"},"content":{"rendered":"<div class=\"wpb-content-wrapper\"><p>[vc_row full_width=&#8221;stretch_row_content_no_spaces&#8221; background_position=&#8221;center center&#8221;][vc_column]<div class=\"banner-area banner-5e7235e22f83f autoplay-false\"><div class=\"banner-bottom\"><div class=\"container\"><\/div><\/div><div class=\"banner  fixed-height style2\" style=\"height: 250px;\"><div class=\"item banner-item-69e73dd09e0a3 middle tal white\" style=\"background-image: url(https:\/\/ideared.eu\/wp-content\/uploads\/blog-ideared.jpg);\"><div class=\"overlay\"><\/div><div class=\"container\"><div class=\"cell\"><div class=\"h\">Blog d'idees<\/div><\/div><\/div><\/div><\/div><\/div>[vc_empty_space height=&#8221;30px&#8221;][\/vc_column][\/vc_row][vc_row][vc_column]<div class=\"blog-block\"><div class=\"blog-items row blog-type-masonry blog-5e66549a8187d \"><article class=\"blog-item category-blog-de-ideas-ca col-xs-12 col-md-4\"><div class=\"wrap \"><div class=\"img\"><a href=\"https:\/\/ideared.eu\/ca\/programes-formatius-per-la-reorientacio-laboral-dels-joves\"><img loading=\"lazy\" decoding=\"async\" width=\"1024\" height=\"476\" src=\"https:\/\/ideared.eu\/wp-content\/uploads\/inter-1024x476.jpg\" alt=\"Programes formatius per la reorientaci\u00f3 laboral dels joves\"><\/a><\/div><div class=\"content\"><div class=\"blog-detail\"><div class=\"bd-item\"><span>28 mar\u00e7 2023<\/span><\/div><\/div><h6><a href=\"https:\/\/ideared.eu\/ca\/programes-formatius-per-la-reorientacio-laboral-dels-joves\">Programes formatius per la reorientaci\u00f3 laboral dels joves<\/a><\/h6><div class=\"text\">Una soluci\u00f3 per a joves que no estudien ni treballen.\r\n\r\nFundaci\u00f3 Intermedia treballa cada dia per complir la missi\u00f3 de facilitar l'ocupaci\u00f3, la inserci\u00f3 sociolaboral i la millora professional de l...<\/div><a href=\"https:\/\/ideared.eu\/ca\/programes-formatius-per-la-reorientacio-laboral-dels-joves\" class=\"button-style6 readmore-link\">Llegir m\u00e9s<\/a><\/div><\/div><\/article><article class=\"blog-item category-blog-de-ideas-ca col-xs-12 col-md-4\"><div class=\"wrap \"><div class=\"img\"><a href=\"https:\/\/ideared.eu\/ca\/intermediajob-ocupacio-laboral-competencial-i-intel%c2%b7ligent\"><img loading=\"lazy\" decoding=\"async\" width=\"762\" height=\"472\" src=\"https:\/\/ideared.eu\/wp-content\/uploads\/intermediajob-ocupacio-laboral-sense-desigualtats-de-genere.jpg\" alt=\"IntermediaJOB: Ocupaci\u00f3 laboral competencial i intel\u00b7ligent.\"><\/a><\/div><div class=\"content\"><div class=\"blog-detail\"><div class=\"bd-item\"><span>15 mar\u00e7 2023<\/span><\/div><\/div><h6><a href=\"https:\/\/ideared.eu\/ca\/intermediajob-ocupacio-laboral-competencial-i-intel%c2%b7ligent\">IntermediaJOB: Ocupaci\u00f3 laboral competencial i intel\u00b7ligent.<\/a><\/h6><div class=\"text\">Les compet\u00e8ncies per sobre de tot.\r\n\r\nDes de fa m\u00e9s de 10 anys, la Fundaci\u00f3 Intermedia treballa per la millora de l'ocupaci\u00f3 i la inserci\u00f3 laboral de les persones i els col\u00b7lectius que es trobin en...<\/div><a href=\"https:\/\/ideared.eu\/ca\/intermediajob-ocupacio-laboral-competencial-i-intel%c2%b7ligent\" class=\"button-style6 readmore-link\">Llegir m\u00e9s<\/a><\/div><\/div><\/article><article class=\"blog-item category-blog-de-ideas-ca col-xs-12 col-md-4\"><div class=\"wrap \"><div class=\"img\"><a href=\"https:\/\/ideared.eu\/ca\/barcelona-ecommerce-iot-ise\"><img loading=\"lazy\" decoding=\"async\" width=\"640\" height=\"421\" src=\"https:\/\/ideared.eu\/wp-content\/uploads\/fira-barcelona.jpg\" alt=\"Barcelona capital del ecommerce, el Internet of Things i l&#039;Audiovisual. Assistim a les fires Eshow, IOT i el ISE\"><\/a><\/div><div class=\"content\"><div class=\"blog-detail\"><div class=\"bd-item\"><span>19 maig 2022<\/span><\/div><\/div><h6><a href=\"https:\/\/ideared.eu\/ca\/barcelona-ecommerce-iot-ise\">Barcelona capital del ecommerce, el Internet of Things i l&#039;Audiovisual. Assistim a les fires Eshow, IOT i el ISE<\/a><\/h6><div class=\"text\">Aquest mes de maig de 2022 ha sigut un verdader vendaval d'esdeveniments a Barcelona relacionats amb l'eCommerce, l'Internet of Thinks i les innovacions m\u00e9s rellevants del panorama audiovisual mund...<\/div><a href=\"https:\/\/ideared.eu\/ca\/barcelona-ecommerce-iot-ise\" class=\"button-style6 readmore-link\">Llegir m\u00e9s<\/a><\/div><\/div><\/article><article class=\"blog-item category-blog-de-ideas-ca col-xs-12 col-md-4\"><div class=\"wrap \"><div class=\"img\"><a href=\"https:\/\/ideared.eu\/ca\/visita-al-mobile-world-congress-mwc\"><img loading=\"lazy\" decoding=\"async\" width=\"834\" height=\"706\" src=\"https:\/\/ideared.eu\/wp-content\/uploads\/ID2.jpg\" alt=\"Visita al Mobile World Congress (MWC)\"><\/a><\/div><div class=\"content\"><div class=\"blog-detail\"><div class=\"bd-item\"><span>13 abril 2022<\/span><\/div><\/div><h6><a href=\"https:\/\/ideared.eu\/ca\/visita-al-mobile-world-congress-mwc\">Visita al Mobile World Congress (MWC)<\/a><\/h6><div class=\"text\">Aquest any, l\u2019equip de ideaRed, vam tenir el plaer d\u2019assistir al Congr\u00e9s Mundial de M\u00f2bils, un dels m\u00e9s importants del m\u00f3n, sobre tecnologia global i R+D. Se celebra anualment a la Fira de Barcelon...<\/div><a href=\"https:\/\/ideared.eu\/ca\/visita-al-mobile-world-congress-mwc\" class=\"button-style6 readmore-link\">Llegir m\u00e9s<\/a><\/div><\/div><\/article><article class=\"blog-item category-blog-de-ideas-ca col-xs-12 col-md-4\"><div class=\"wrap \"><div class=\"img\"><a href=\"https:\/\/ideared.eu\/ca\/webinar-com-desenvolupar-un-ecommerce-dexit\"><img loading=\"lazy\" decoding=\"async\" width=\"730\" height=\"730\" src=\"https:\/\/ideared.eu\/wp-content\/uploads\/destacada-ecommerce.png\" alt=\"Webinar: Com desenvolupar un eCommerce d&#039;\u00e8xit\"><\/a><\/div><div class=\"content\"><div class=\"blog-detail\"><div class=\"bd-item\"><span>11 abril 2022<\/span><\/div><\/div><h6><a href=\"https:\/\/ideared.eu\/ca\/webinar-com-desenvolupar-un-ecommerce-dexit\">Webinar: Com desenvolupar un eCommerce d&#039;\u00e8xit<\/a><\/h6><div class=\"text\">Ets una PYME o t'interessa l'eCommerce? Durant la pand\u00e8mia t'has iniciat en el m\u00f3n digital, per\u00f2 no t'acaba de funcionar?\r\n\r\nVine aquest dijous 14 d'abril, aprendre m\u00e9s al seminari web que oferim a...<\/div><a href=\"https:\/\/ideared.eu\/ca\/webinar-com-desenvolupar-un-ecommerce-dexit\" class=\"button-style6 readmore-link\">Llegir m\u00e9s<\/a><\/div><\/div><\/article><article class=\"blog-item category-blog-de-ideas-ca col-xs-12 col-md-4\"><div class=\"wrap \"><div class=\"img\"><a href=\"https:\/\/ideared.eu\/ca\/formem-part-de-smartech-cluster\"><img loading=\"lazy\" decoding=\"async\" width=\"834\" height=\"590\" src=\"https:\/\/ideared.eu\/wp-content\/uploads\/Imatge-destacada-1.jpg\" alt=\"Formem part de Smartech Cl\u00faster\"><\/a><\/div><div class=\"content\"><div class=\"blog-detail\"><div class=\"bd-item\"><span>11 abril 2022<\/span><\/div><\/div><h6><a href=\"https:\/\/ideared.eu\/ca\/formem-part-de-smartech-cluster\">Formem part de Smartech Cl\u00faster<\/a><\/h6><div class=\"text\">Qu\u00e8 \u00e9s?\r\n\u00c9s una associaci\u00f3 nacional, sense \u00e0nim de lucre, que reuneix a tots els actors de la cadena de valor dels sectors de la dom\u00f2tica, edificis, ciutats intel\u00b7ligents i la transformaci\u00f3 digital...<\/div><a href=\"https:\/\/ideared.eu\/ca\/formem-part-de-smartech-cluster\" class=\"button-style6 readmore-link\">Llegir m\u00e9s<\/a><\/div><\/div><\/article><article class=\"blog-item category-blog-de-ideas-ca col-xs-12 col-md-4\"><div class=\"wrap \"><div class=\"img\"><a href=\"https:\/\/ideared.eu\/ca\/som-la-teva-ajuda-som-agent-digitalitzador-acreditat\"><img loading=\"lazy\" decoding=\"async\" width=\"834\" height=\"590\" src=\"https:\/\/ideared.eu\/wp-content\/uploads\/Imatge-destacada.jpg\" alt=\"Som la teva ajuda, som Agent Digitalitzador Acreditat!\"><\/a><\/div><div class=\"content\"><div class=\"blog-detail\"><div class=\"bd-item\"><span>24 mar\u00e7 2022<\/span><\/div><\/div><h6><a href=\"https:\/\/ideared.eu\/ca\/som-la-teva-ajuda-som-agent-digitalitzador-acreditat\">Som la teva ajuda, som Agent Digitalitzador Acreditat!<\/a><\/h6><div class=\"text\">[vc_row][vc_column][vc_column_text]Qu\u00e8 \u00e9s un Agent Digitalitzador Acreditat?\r\n\r\nEmpresa tecnol\u00f2gica que disposa de solucions i serveis tecnol\u00f2gics, i els ofereix a empreses i aut\u00f2noms que ho sol\u00b7li...<\/div><a href=\"https:\/\/ideared.eu\/ca\/som-la-teva-ajuda-som-agent-digitalitzador-acreditat\" class=\"button-style6 readmore-link\">Llegir m\u00e9s<\/a><\/div><\/div><\/article><article class=\"blog-item category-blog-de-ideas-ca col-xs-12 col-md-4\"><div class=\"wrap \"><div class=\"img\"><a href=\"https:\/\/ideared.eu\/ca\/webinar-alinea-estrategia-i-web-amb-website-canvas-model\"><img loading=\"lazy\" decoding=\"async\" width=\"730\" height=\"577\" src=\"https:\/\/ideared.eu\/wp-content\/uploads\/destacada-WSCM.png\" alt=\"Webinar: Alinea estrat\u00e8gia i web amb WebSite Canvas Model\"><\/a><\/div><div class=\"content\"><div class=\"blog-detail\"><div class=\"bd-item\"><span>24 mar\u00e7 2022<\/span><\/div><\/div><h6><a href=\"https:\/\/ideared.eu\/ca\/webinar-alinea-estrategia-i-web-amb-website-canvas-model\">Webinar: Alinea estrat\u00e8gia i web amb WebSite Canvas Model<\/a><\/h6><div class=\"text\">Tens una p\u00e0gina web amb un disseny visual i t\u00e8cnic impecable, per\u00f2 no aconsegueixes els teus objectius? I et vas perdre el nostre Seminari Web?\r\n\r\nDijous 17 de mar\u00e7, vau poder aprendre m\u00e9s al semin...<\/div><a href=\"https:\/\/ideared.eu\/ca\/webinar-alinea-estrategia-i-web-amb-website-canvas-model\" class=\"button-style6 readmore-link\">Llegir m\u00e9s<\/a><\/div><\/div><\/article><article class=\"blog-item category-noticies col-xs-12 col-md-4\"><div class=\"wrap \"><div class=\"img\"><a href=\"https:\/\/ideared.eu\/ca\/presentacio-del-wscsm-als-seminarios-digidoc-de-la-upf\"><img loading=\"lazy\" decoding=\"async\" width=\"800\" height=\"452\" src=\"https:\/\/ideared.eu\/wp-content\/uploads\/2019\/12\/carles-sanabre-presentacion-wscm.jpg\" alt=\"Presentaci\u00f3 del WSCSM als Seminaris DigiDoc de la UPF\"><\/a><\/div><div class=\"content\"><div class=\"blog-detail\"><div class=\"bd-item\"><span>29 gener 2019<\/span><\/div><\/div><h6><a href=\"https:\/\/ideared.eu\/ca\/presentacio-del-wscsm-als-seminarios-digidoc-de-la-upf\">Presentaci\u00f3 del WSCSM als Seminaris DigiDoc de la UPF<\/a><\/h6><div class=\"text\">Carles Sanabre Vives, director d'ideaRed i professor associat de la UPF, va presentar recentment un avan\u00e7 de la seva tesi doctoral \"Proposta de models per a la ideaci\u00f3 estrat\u00e8gica i l'an\u00e0lisi integ...<\/div><a href=\"https:\/\/ideared.eu\/ca\/presentacio-del-wscsm-als-seminarios-digidoc-de-la-upf\" class=\"button-style6 readmore-link\">Llegir m\u00e9s<\/a><\/div><\/div><\/article><article class=\"blog-item category-noticies col-xs-12 col-md-4\"><div class=\"wrap \"><div class=\"img\"><a href=\"https:\/\/ideared.eu\/ca\/marxem-de-vacances\"><img loading=\"lazy\" decoding=\"async\" width=\"440\" height=\"440\" src=\"https:\/\/ideared.eu\/wp-content\/uploads\/2016\/07\/ideared-vacaciones.jpg\" alt=\"Marxem de vacances!\"><\/a><\/div><div class=\"content\"><div class=\"blog-detail\"><div class=\"bd-item\"><span>19 juliol 2016<\/span><\/div><\/div><h6><a href=\"https:\/\/ideared.eu\/ca\/marxem-de-vacances\">Marxem de vacances!<\/a><\/h6><div class=\"text\">[vc_row][vc_column width=\"1\/2\"][vc_column_text][\/vc_column_text][\/vc_column][vc_column width=\"1\/2\"][vc_column_text]\r\nideaRed se va de vacaciones del 8 al 31 de agosto\r\nDespu\u00e9s de un a\u00f1o de muchos p...<\/div><a href=\"https:\/\/ideared.eu\/ca\/marxem-de-vacances\" class=\"button-style6 readmore-link\">Llegir m\u00e9s<\/a><\/div><\/div><\/article><article class=\"blog-item category-noticies col-xs-12 col-md-4\"><div class=\"wrap \"><div class=\"img\"><a href=\"https:\/\/ideared.eu\/ca\/email-marketing-a-ficommerce-2016\"><img loading=\"lazy\" decoding=\"async\" width=\"1024\" height=\"614\" src=\"https:\/\/ideared.eu\/wp-content\/uploads\/ficommerce-ideaRed.jpg\" alt=\"Email Marketing a Ficommerce 2016\"><\/a><\/div><div class=\"content\"><div class=\"blog-detail\"><div class=\"bd-item\"><span>28 febrer 2016<\/span><\/div><\/div><h6><a href=\"https:\/\/ideared.eu\/ca\/email-marketing-a-ficommerce-2016\">Email Marketing a Ficommerce 2016<\/a><\/h6><div class=\"text\">El 24 de febrer de 2016 hem tingut el plaer de participar a FICOMMERCE, la fira de el comer\u00e7 electr\u00f2nic i el m\u00e0rqueting digital de Reus.\r\n\r\nConcretament a la pon\u00e8ncia titulada \"Email M\u00e0rqueting, co...<\/div><a href=\"https:\/\/ideared.eu\/ca\/email-marketing-a-ficommerce-2016\" class=\"button-style6 readmore-link\">Llegir m\u00e9s<\/a><\/div><\/div><\/article><article class=\"blog-item category-noticies col-xs-12 col-md-4\"><div class=\"wrap \"><div class=\"img\"><a href=\"https:\/\/ideared.eu\/ca\/gala-publifestival-2015-en-directe\"><img loading=\"lazy\" decoding=\"async\" width=\"780\" height=\"533\" src=\"https:\/\/ideared.eu\/wp-content\/uploads\/trofeos-publifestival.png\" alt=\"Gala Publifestival 2015 en directe\"><\/a><\/div><div class=\"content\"><div class=\"blog-detail\"><div class=\"bd-item\"><span>17 juny 2015<\/span><\/div><\/div><h6><a href=\"https:\/\/ideared.eu\/ca\/gala-publifestival-2015-en-directe\">Gala Publifestival 2015 en directe<\/a><\/h6><div class=\"text\">A ideaRed estem d'enhorabona. Hem sigut premiats al Festival Internacional de Publicitat Social, Publifestival 2015.\r\n\r\n- Premi a la millor mem\u00f2ria social corporativa (Mem\u00f2ria 2013)\r\n\r\n- Premi a la...<\/div><a href=\"https:\/\/ideared.eu\/ca\/gala-publifestival-2015-en-directe\" class=\"button-style6 readmore-link\">Llegir m\u00e9s<\/a><\/div><\/div><\/article><article class=\"blog-item category-noticies col-xs-12 col-md-4\"><div class=\"wrap \"><div class=\"content\"><div class=\"blog-detail\"><div class=\"bd-item\"><span>17 juny 2015<\/span><\/div><\/div><h6><a href=\"https:\/\/ideared.eu\/ca\/guanyadors-en-publifestival-2015\">Guanyadors en Publifestival 2015<\/a><\/h6><div class=\"text\">[vc_row][vc_column width=\"1\/2\"][vc_column_text]Hem resultat guanyadors al Festival Internacional de Publicidad Social, Publifestival 2015, gr\u00e0cies als dissenys de la Mem\u00f2ria Corporativa i\u00a0 la Newsl...<\/div><a href=\"https:\/\/ideared.eu\/ca\/guanyadors-en-publifestival-2015\" class=\"button-style6 readmore-link\">Llegir m\u00e9s<\/a><\/div><\/div><\/article><article class=\"blog-item category-blog-de-ideas-ca col-xs-12 col-md-4\"><div class=\"wrap \"><div class=\"content\"><div class=\"blog-detail\"><div class=\"bd-item\"><span>15 juny 2015<\/span><\/div><\/div><h6><a href=\"https:\/\/ideared.eu\/ca\/normativa-de-cookies-en-webs-i-publicitat-online\">Normativa de cookies en webs i publicitat online<\/a><\/h6><div class=\"text\">[vc_row][vc_column][vc_column_text]\r\nUna de les t\u00e8cniques en que la publicitat es du a terme a internet \u00e9s a trav\u00e8s de les cookies. Aquests s\u00f3n arxius inform\u00e0tics que poden ser descarregats en els ...<\/div><a href=\"https:\/\/ideared.eu\/ca\/normativa-de-cookies-en-webs-i-publicitat-online\" class=\"button-style6 readmore-link\">Llegir m\u00e9s<\/a><\/div><\/div><\/article><article class=\"blog-item category-blog-de-ideas-ca col-xs-12 col-md-4\"><div class=\"wrap \"><div class=\"img\"><a href=\"https:\/\/ideared.eu\/ca\/tot-sobre-el-mobilegeddon-de-google\"><img loading=\"lazy\" decoding=\"async\" width=\"929\" height=\"650\" src=\"https:\/\/ideared.eu\/wp-content\/uploads\/google-indonesia.jpg\" alt=\"Tot sobre el Mobilegeddon de Google\"><\/a><\/div><div class=\"content\"><div class=\"blog-detail\"><div class=\"bd-item\"><span>12 maig 2015<\/span><\/div><\/div><h6><a href=\"https:\/\/ideared.eu\/ca\/tot-sobre-el-mobilegeddon-de-google\">Tot sobre el Mobilegeddon de Google<\/a><\/h6><div class=\"text\">Fa uns mesos, Google anunciava una data que aparentment provocaria un abans i un despr\u00e9s en les regles de joc del motor de cerca m\u00e9s utilitzat al m\u00f3n.\r\nEl 21 d'abril de 2015 va ser el dia triat per...<\/div><a href=\"https:\/\/ideared.eu\/ca\/tot-sobre-el-mobilegeddon-de-google\" class=\"button-style6 readmore-link\">Llegir m\u00e9s<\/a><\/div><\/div><\/article><article class=\"blog-item category-blog-de-ideas-ca col-xs-12 col-md-4\"><div class=\"wrap \"><div class=\"img\"><a href=\"https:\/\/ideared.eu\/ca\/les-6-tendencies-del-marqueting-en-2015\"><img loading=\"lazy\" decoding=\"async\" width=\"430\" height=\"320\" src=\"https:\/\/ideared.eu\/wp-content\/uploads\/marketing-contenidos.jpg\" alt=\"Les 6 tend\u00e8ncies del m\u00e0rqueting en 2015\"><\/a><\/div><div class=\"content\"><div class=\"blog-detail\"><div class=\"bd-item\"><span>5 maig 2015<\/span><\/div><\/div><h6><a href=\"https:\/\/ideared.eu\/ca\/les-6-tendencies-del-marqueting-en-2015\">Les 6 tend\u00e8ncies del m\u00e0rqueting en 2015<\/a><\/h6><div class=\"text\">[vc_row][vc_column][vc_column_text]Percolate ens porta una visi\u00f3 global de les noves tend\u00e8ncies del m\u00e0rqueting que no podem perdre de vista durant aquest any 2015:[\/vc_column_text][vc_empty_space i...<\/div><a href=\"https:\/\/ideared.eu\/ca\/les-6-tendencies-del-marqueting-en-2015\" class=\"button-style6 readmore-link\">Llegir m\u00e9s<\/a><\/div><\/div><\/article><article class=\"blog-item category-blog-de-ideas-ca col-xs-12 col-md-4\"><div class=\"wrap \"><div class=\"content\"><div class=\"blog-detail\"><div class=\"bd-item\"><span>11 febrer 2015<\/span><\/div><\/div><h6><a href=\"https:\/\/ideared.eu\/ca\/la-importancia-de-lestrategia-de-marca\">La import\u00e0ncia de l&#039;estrat\u00e8gia de marca<\/a><\/h6><div class=\"text\">Des de sempre ha estat prioritari anar per davant dels nostres competidors, del mercat i, sobretot, de les seves necessitats. Per\u00f2 en el context actual aix\u00f2 s'accentua cada cop m\u00e9s. Com a conseq\u00fc\u00e8n...<\/div><a href=\"https:\/\/ideared.eu\/ca\/la-importancia-de-lestrategia-de-marca\" class=\"button-style6 readmore-link\">Llegir m\u00e9s<\/a><\/div><\/div><\/article><article class=\"blog-item category-blog-de-ideas-ca col-xs-12 col-md-4\"><div class=\"wrap \"><div class=\"img\"><a href=\"https:\/\/ideared.eu\/ca\/formes-de-publicitat-nativa-que-canvien-la-publicitat-digital\"><img loading=\"lazy\" decoding=\"async\" width=\"1024\" height=\"313\" src=\"https:\/\/ideared.eu\/wp-content\/uploads\/publicidad-nativa-01-1024x313.png\" alt=\"Formes de publicitat nativa que canvien la publicitat digital\"><\/a><\/div><div class=\"content\"><div class=\"blog-detail\"><div class=\"bd-item\"><span>11 juliol 2014<\/span><\/div><\/div><h6><a href=\"https:\/\/ideared.eu\/ca\/formes-de-publicitat-nativa-que-canvien-la-publicitat-digital\">Formes de publicitat nativa que canvien la publicitat digital<\/a><\/h6><div class=\"text\">Enfront de la inversi\u00f3 concentrada en uns pocs players sorgeixen iniciatives innovadores, que aporten nous camins als anunciants, com la publicitat nativa. Els anuncis natius, que prenen l'est\u00e8tica...<\/div><a href=\"https:\/\/ideared.eu\/ca\/formes-de-publicitat-nativa-que-canvien-la-publicitat-digital\" class=\"button-style6 readmore-link\">Llegir m\u00e9s<\/a><\/div><\/div><\/article><\/div><\/div>[\/vc_column][\/vc_row]<\/p>\n<\/div>","protected":false},"excerpt":{"rendered":"<p>[vc_row full_width=&#8221;stretch_row_content_no_spaces&#8221; background_position=&#8221;center center&#8221;][vc_column][vc_empty_space height=&#8221;30px&#8221;][\/vc_column][\/vc_row][vc_row][vc_column][\/vc_column][\/vc_row]<\/p>\n","protected":false},"author":1,"featured_media":0,"parent":0,"menu_order":0,"comment_status":"closed","ping_status":"closed","template":"template-landing.php","meta":{"_acf_changed":false,"footnotes":""},"class_list":["post-4058","page","type-page","status-publish","hentry"],"acf":[],"yoast_head":"<!-- This site is optimized with the Yoast SEO plugin v23.7 - https:\/\/yoast.com\/wordpress\/plugins\/seo\/ -->\n<title>Blog d&#039;idees - ideaRed<\/title>\n<meta name=\"robots\" content=\"index, follow, max-snippet:-1, max-image-preview:large, max-video-preview:-1\" \/>\n<link rel=\"canonical\" href=\"https:\/\/ideared.eu\/ca\/blog-idees\" \/>\n<meta property=\"og:locale\" content=\"ca_ES\" \/>\n<meta property=\"og:type\" content=\"article\" \/>\n<meta property=\"og:title\" content=\"Blog d&#039;idees - ideaRed\" \/>\n<meta property=\"og:description\" content=\"[vc_row full_width=&#8221;stretch_row_content_no_spaces&#8221; background_position=&#8221;center center&#8221;][vc_column][vc_empty_space height=&#8221;30px&#8221;][\/vc_column][\/vc_row][vc_row][vc_column][\/vc_column][\/vc_row]\" \/>\n<meta property=\"og:url\" content=\"https:\/\/ideared.eu\/ca\/blog-idees\" \/>\n<meta property=\"og:site_name\" content=\"ideaRed\" \/>\n<meta property=\"article:modified_time\" content=\"2022-05-20T09:09:54+00:00\" \/>\n<meta name=\"twitter:card\" content=\"summary_large_image\" \/>\n<meta name=\"twitter:label1\" content=\"Temps estimat de lectura\" \/>\n\t<meta name=\"twitter:data1\" content=\"1 minut\" \/>\n<script type=\"application\/ld+json\" class=\"yoast-schema-graph\">{\"@context\":\"https:\/\/schema.org\",\"@graph\":[{\"@type\":\"WebPage\",\"@id\":\"https:\/\/ideared.eu\/ca\/blog-idees\",\"url\":\"https:\/\/ideared.eu\/ca\/blog-idees\",\"name\":\"Blog d'idees - ideaRed\",\"isPartOf\":{\"@id\":\"https:\/\/ideared.eu\/ca#website\"},\"datePublished\":\"2020-03-09T14:38:18+00:00\",\"dateModified\":\"2022-05-20T09:09:54+00:00\",\"breadcrumb\":{\"@id\":\"https:\/\/ideared.eu\/ca\/blog-idees#breadcrumb\"},\"inLanguage\":\"ca\",\"potentialAction\":[{\"@type\":\"ReadAction\",\"target\":[\"https:\/\/ideared.eu\/ca\/blog-idees\"]}]},{\"@type\":\"BreadcrumbList\",\"@id\":\"https:\/\/ideared.eu\/ca\/blog-idees#breadcrumb\",\"itemListElement\":[{\"@type\":\"ListItem\",\"position\":1,\"name\":\"Home\",\"item\":\"https:\/\/ideared.eu\/ca\"},{\"@type\":\"ListItem\",\"position\":2,\"name\":\"Blog d&#8217;idees\"}]},{\"@type\":\"WebSite\",\"@id\":\"https:\/\/ideared.eu\/ca#website\",\"url\":\"https:\/\/ideared.eu\/ca\",\"name\":\"ideaRed\",\"description\":\"Consultor\u00eda, marketing online y desarrollo web\",\"potentialAction\":[{\"@type\":\"SearchAction\",\"target\":{\"@type\":\"EntryPoint\",\"urlTemplate\":\"https:\/\/ideared.eu\/ca?s={search_term_string}\"},\"query-input\":{\"@type\":\"PropertyValueSpecification\",\"valueRequired\":true,\"valueName\":\"search_term_string\"}}],\"inLanguage\":\"ca\"}]}<\/script>\n<!-- \/ Yoast SEO plugin. -->","yoast_head_json":{"title":"Blog d'idees - ideaRed","robots":{"index":"index","follow":"follow","max-snippet":"max-snippet:-1","max-image-preview":"max-image-preview:large","max-video-preview":"max-video-preview:-1"},"canonical":"https:\/\/ideared.eu\/ca\/blog-idees","og_locale":"ca_ES","og_type":"article","og_title":"Blog d'idees - ideaRed","og_description":"[vc_row full_width=&#8221;stretch_row_content_no_spaces&#8221; background_position=&#8221;center center&#8221;][vc_column][vc_empty_space height=&#8221;30px&#8221;][\/vc_column][\/vc_row][vc_row][vc_column][\/vc_column][\/vc_row]","og_url":"https:\/\/ideared.eu\/ca\/blog-idees","og_site_name":"ideaRed","article_modified_time":"2022-05-20T09:09:54+00:00","twitter_card":"summary_large_image","twitter_misc":{"Temps estimat de lectura":"1 minut"},"schema":{"@context":"https:\/\/schema.org","@graph":[{"@type":"WebPage","@id":"https:\/\/ideared.eu\/ca\/blog-idees","url":"https:\/\/ideared.eu\/ca\/blog-idees","name":"Blog d'idees - ideaRed","isPartOf":{"@id":"https:\/\/ideared.eu\/ca#website"},"datePublished":"2020-03-09T14:38:18+00:00","dateModified":"2022-05-20T09:09:54+00:00","breadcrumb":{"@id":"https:\/\/ideared.eu\/ca\/blog-idees#breadcrumb"},"inLanguage":"ca","potentialAction":[{"@type":"ReadAction","target":["https:\/\/ideared.eu\/ca\/blog-idees"]}]},{"@type":"BreadcrumbList","@id":"https:\/\/ideared.eu\/ca\/blog-idees#breadcrumb","itemListElement":[{"@type":"ListItem","position":1,"name":"Home","item":"https:\/\/ideared.eu\/ca"},{"@type":"ListItem","position":2,"name":"Blog d&#8217;idees"}]},{"@type":"WebSite","@id":"https:\/\/ideared.eu\/ca#website","url":"https:\/\/ideared.eu\/ca","name":"ideaRed","description":"Consultor\u00eda, marketing online y desarrollo web","potentialAction":[{"@type":"SearchAction","target":{"@type":"EntryPoint","urlTemplate":"https:\/\/ideared.eu\/ca?s={search_term_string}"},"query-input":{"@type":"PropertyValueSpecification","valueRequired":true,"valueName":"search_term_string"}}],"inLanguage":"ca"}]}},"_links":{"self":[{"href":"https:\/\/ideared.eu\/ca\/wp-json\/wp\/v2\/pages\/4058"}],"collection":[{"href":"https:\/\/ideared.eu\/ca\/wp-json\/wp\/v2\/pages"}],"about":[{"href":"https:\/\/ideared.eu\/ca\/wp-json\/wp\/v2\/types\/page"}],"author":[{"embeddable":true,"href":"https:\/\/ideared.eu\/ca\/wp-json\/wp\/v2\/users\/1"}],"replies":[{"embeddable":true,"href":"https:\/\/ideared.eu\/ca\/wp-json\/wp\/v2\/comments?post=4058"}],"version-history":[{"count":4,"href":"https:\/\/ideared.eu\/ca\/wp-json\/wp\/v2\/pages\/4058\/revisions"}],"predecessor-version":[{"id":5150,"href":"https:\/\/ideared.eu\/ca\/wp-json\/wp\/v2\/pages\/4058\/revisions\/5150"}],"wp:attachment":[{"href":"https:\/\/ideared.eu\/ca\/wp-json\/wp\/v2\/media?parent=4058"}],"curies":[{"name":"wp","href":"https:\/\/api.w.org\/{rel}","templated":true}]}}