{"id":4233,"date":"2020-03-31T11:43:43","date_gmt":"2020-03-31T09:43:43","guid":{"rendered":"https:\/\/ideared.eu\/sobre-ideared"},"modified":"2025-07-30T10:00:09","modified_gmt":"2025-07-30T08:00:09","slug":"sobre-ideared","status":"publish","type":"page","link":"https:\/\/ideared.eu\/ca\/sobre-ideared","title":{"rendered":"Sobre ideaRed"},"content":{"rendered":"<div class=\"wpb-content-wrapper\"><p>[vc_row full_width=&#8221;stretch_row_content_no_spaces&#8221; background_position=&#8221;center center&#8221;][vc_column]<div class=\"banner-area banner-5e7235e22f83f autoplay-false\"><div class=\"banner-bottom\"><div class=\"container\"><\/div><\/div><div class=\"banner  fixed-height style2\" style=\"height: 250px;\"><div class=\"item banner-item-69e74e15a621a middle tal white\" style=\"background-image: url(https:\/\/ideared.eu\/wp-content\/uploads\/contacto-ideared.jpg);\"><div class=\"overlay\"><\/div><div class=\"container\"><div class=\"cell\"><div class=\"sub-h decor-h dec-line-t-l\"><span>Qui som<\/span><\/div><div class=\"h\">Sobre ideaRed<\/div><\/div><\/div><\/div><\/div><\/div>[\/vc_column][\/vc_row][vc_row][vc_column][vc_empty_space][vc_column_text css=&#8221;&#8221;]<\/p>\n<p style=\"text-align: justify;\">Empresa especialitzada en m\u00e0rqueting digital i desenvolupament web, ubicada al Districte 22 @ (Poblenou, Barcelona). Comptem ja amb m\u00e9s de 20 anys d&#8217;experi\u00e8ncia en comunicaci\u00f3 estrat\u00e8gica, desenvolupament web i m\u00e0rqueting en l\u00ednia.<\/p>\n<p style=\"text-align: justify;\">ideaRed est\u00e0 format per un equip s\u00f2lid de persones i una \u00e0mplia xarxa de col\u00b7laboradors dels \u00e0mbits del m\u00e0rqueting i de la programaci\u00f3 i desenvolupament.<\/p>\n<p style=\"text-align: justify;\">El nostre objectiu \u00e9s con\u00e8ixer i entendre l&#8217;empresa per a la qual treballem. Analitzem les necessitats de cada marca i les ajustem adequadament a una estrat\u00e8gia de comunicaci\u00f3 per garantir resultats efica\u00e7os.<\/p>\n<blockquote>\n<p style=\"text-align: left;\"><i><span style=\"font-weight: 400;\">Som una xarxa d&#8217;apassionats pels reptes professionals dels nostres clients<\/span><\/i><\/p>\n<\/blockquote>\n<p>[\/vc_column_text][\/vc_column][\/vc_row][vc_row full_width=&#8221;stretch_row&#8221; equal_height=&#8221;yes&#8221; content_placement=&#8221;middle&#8221; css=&#8221;.vc_custom_1591879800659{margin-top: 30px !important;margin-bottom: 30px !important;padding-top: 30px !important;padding-bottom: 30px !important;background-color: #ffffff !important;}&#8221;][vc_column width=&#8221;1\/2&#8243;]<div class=\"pt-special-heading pt-special-heading-69e74e15a6744  tal\"><div class=\"sub-h decor-h\"><span>Qu\u00e8 fem?<\/span><\/div><h3 class=\"heading uppercase\"><i>WE THINK - WE DEVELOP - WE CREATE<\/i><\/h3><\/div>[vc_column_text css=&#8221;&#8221;]&#8221;Pensem, Desenvolupem i Creem&#8221;. Acompanyem i assessorem als nostres clients en la concepci\u00f3 i desenvolupament dels seus projectes (We Think &#8211; We Develop). Aportem solucions personalitzades, creatives i innovadores en cada repte que se&#8217;ns proposa.<\/p>\n<ul>\n<li style=\"font-weight: 400; text-align: justify;\"><i><span style=\"font-weight: 400;\"><strong>We Think<\/strong>:<\/span><\/i><span style=\"font-weight: 400;\"> t&#8217;ajudem a confeccionar el teu projecte des de l&#8217;inici. Definim els objectius i estrat\u00e8gia mitjan\u00e7ant el Website Canvas Model (WSCM), model visual per a la ideaci\u00f3 estrat\u00e8gica de llocs web creat i definit per Carles Sanabre, director de ideaRed.<\/span><\/li>\n<li style=\"font-weight: 400; text-align: justify;\"><i><span style=\"font-weight: 400;\"><strong>We Develop<\/strong>:<\/span><\/i><span style=\"font-weight: 400;\"> posem en marxa el projecte. Desenvolupem webs corporatives, botigues online o campus virtuals. Tamb\u00e9 aplicatius interactius a mida.<\/span><\/li>\n<li style=\"font-weight: 400; text-align: justify;\"><i><strong>We Create<\/strong>: <\/i>centrant-nos m\u00e9s en el m\u00e0rqueting i disseny creem campanyes publicit\u00e0ries en cercadors i xarxes socials o confeccionem el branding per al teu negoci.<\/li>\n<\/ul>\n<p>[\/vc_column_text][\/vc_column][vc_column width=&#8221;1\/2&#8243;][vc_single_image image=&#8221;5033&#8243; img_size=&#8221;full&#8221; alignment=&#8221;center&#8221; style=&#8221;vc_box_rounded&#8221;][vc_column_text]<\/p>\n<h3>PARTNERS<\/h3>\n<p><a href=\"https:\/\/www.paypal.com\" target=\"_blank\" rel=\"noopener noreferrer\"><img decoding=\"async\" src=\"\/wp-content\/uploads\/2015\/05\/paypal-ideared2.jpg\" \/><\/a> \u00a0<a title=\"MCPS: Microsoft Certified Professional\" href=\"https:\/\/www.microsoft.com\/es-es\/default.aspx\" target=\"_blank\" rel=\"noopener noreferrer\"><img decoding=\"async\" src=\"\/wp-content\/uploads\/2015\/06\/microsoft.jpg\" \/><\/a>[\/vc_column_text][vc_column_text]<img loading=\"lazy\" decoding=\"async\" class=\"alignnone size-medium wp-image-4427\" src=\"https:\/\/ideared.eu\/wp-content\/uploads\/empresa-mentora-bcnactiva-ideared-300x96.png\" alt=\"\" width=\"300\" height=\"96\" srcset=\"https:\/\/ideared.eu\/wp-content\/uploads\/empresa-mentora-bcnactiva-ideared-300x96.png 300w, https:\/\/ideared.eu\/wp-content\/uploads\/empresa-mentora-bcnactiva-ideared.png 555w\" sizes=\"(max-width: 300px) 100vw, 300px\" \/>[\/vc_column_text][\/vc_column][\/vc_row][vc_row disable_element=&#8221;yes&#8221;][vc_column]<div class=\"pt-special-heading pt-special-heading-5ee21f3b4e3d0  tac\"><div class=\"sub-h decor-h\"><span>Qu\u00e8 pensen de nosaltres?<\/span><\/div><h3 class=\"heading uppercase\"><i>Testimonis de <span>clientes<\/span><\/i><\/h3><\/div>        <div class=\"testimonials testimonials-69e74e15a68e1 cols-2 with-pagination-dots\">\r\n            \r\n        <div class=\"testimonial-item\">\r\n                            <div class=\"quote\">Lorem ipsum dolor sit amet, consectetur adipiscing elit. Etiam eu dui quis odio cursus placerat ut et urna. Sed pretium mattis mi id consequat. Phasellus in elit eget sapien sollicitudin ultrices.<\/div>\r\n                            <div class=\"bottom\">\r\n                                            <div class=\"label\">\r\n                            <div class=\"cell\">Cliente 1<\/div>\r\n                        <\/div>\r\n                                    <\/div>\r\n                    <\/div>\r\n        \r\n        \r\n        <div class=\"testimonial-item\">\r\n                            <div class=\"quote\">Lorem ipsum dolor sit amet, consectetur adipiscing elit. Etiam eu dui quis odio cursus placerat ut et urna. Sed pretium mattis mi id consequat. Phasellus in elit eget sapien sollicitudin ultrices.<\/div>\r\n                            <div class=\"bottom\">\r\n                                            <div class=\"label\">\r\n                            <div class=\"cell\">Cliente 2<\/div>\r\n                        <\/div>\r\n                                    <\/div>\r\n                    <\/div>\r\n        \r\n        \r\n        <div class=\"testimonial-item\">\r\n                            <div class=\"quote\">Lorem ipsum dolor sit amet, consectetur adipiscing elit. Etiam eu dui quis odio cursus placerat ut et urna. Sed pretium mattis mi id consequat. Phasellus in elit eget sapien sollicitudin ultrices.<\/div>\r\n                            <div class=\"bottom\">\r\n                                            <div class=\"label\">\r\n                            <div class=\"cell\">Cliente 3<\/div>\r\n                        <\/div>\r\n                                    <\/div>\r\n                    <\/div>\r\n        \r\n        \r\n        <div class=\"testimonial-item\">\r\n                            <div class=\"quote\">Lorem ipsum dolor sit amet, consectetur adipiscing elit. Etiam eu dui quis odio cursus placerat ut et urna. Sed pretium mattis mi id consequat. Phasellus in elit eget sapien sollicitudin ultrices.<\/div>\r\n                            <div class=\"bottom\">\r\n                                            <div class=\"label\">\r\n                            <div class=\"cell\">Cliente 4<\/div>\r\n                        <\/div>\r\n                                    <\/div>\r\n                    <\/div>\r\n        \r\n                <\/div>\r\n         \r\n        [\/vc_column][\/vc_row]<\/p>\n<\/div>","protected":false},"excerpt":{"rendered":"<p>[vc_row full_width=&#8221;stretch_row_content_no_spaces&#8221; background_position=&#8221;center center&#8221;][vc_column][\/vc_column][\/vc_row][vc_row][vc_column][vc_empty_space][vc_column_text css=&#8221;&#8221;] Empresa especialitzada en m\u00e0rqueting digital i desenvolupament web, ubicada al Districte 22 @ (Poblenou, Barcelona). Comptem ja amb m\u00e9s de 20 anys d&#8217;experi\u00e8ncia en comunicaci\u00f3 estrat\u00e8gica, desenvolupament web i m\u00e0rqueting en l\u00ednia. ideaRed est\u00e0 format per un equip s\u00f2lid de persones i una \u00e0mplia xarxa de col\u00b7laboradors dels \u00e0mbits del [&hellip;]<\/p>\n","protected":false},"author":1,"featured_media":0,"parent":0,"menu_order":0,"comment_status":"closed","ping_status":"closed","template":"template-landing.php","meta":{"_acf_changed":false,"footnotes":""},"class_list":["post-4233","page","type-page","status-publish","hentry"],"acf":[],"yoast_head":"<!-- This site is optimized with the Yoast SEO plugin v23.7 - https:\/\/yoast.com\/wordpress\/plugins\/seo\/ -->\n<title>Sobre ideaRed - ideaRed<\/title>\n<meta name=\"robots\" content=\"index, follow, max-snippet:-1, max-image-preview:large, max-video-preview:-1\" \/>\n<link rel=\"canonical\" href=\"https:\/\/ideared.eu\/ca\/sobre-ideared\" \/>\n<meta property=\"og:locale\" content=\"ca_ES\" \/>\n<meta property=\"og:type\" content=\"article\" \/>\n<meta property=\"og:title\" content=\"Sobre ideaRed - ideaRed\" \/>\n<meta property=\"og:description\" content=\"[vc_row full_width=&#8221;stretch_row_content_no_spaces&#8221; background_position=&#8221;center center&#8221;][vc_column][\/vc_column][\/vc_row][vc_row][vc_column][vc_empty_space][vc_column_text css=&#8221;&#8221;] Empresa especialitzada en m\u00e0rqueting digital i desenvolupament web, ubicada al Districte 22 @ (Poblenou, Barcelona). Comptem ja amb m\u00e9s de 20 anys d&#8217;experi\u00e8ncia en comunicaci\u00f3 estrat\u00e8gica, desenvolupament web i m\u00e0rqueting en l\u00ednia. ideaRed est\u00e0 format per un equip s\u00f2lid de persones i una \u00e0mplia xarxa de col\u00b7laboradors dels \u00e0mbits del [&hellip;]\" \/>\n<meta property=\"og:url\" content=\"https:\/\/ideared.eu\/ca\/sobre-ideared\" \/>\n<meta property=\"og:site_name\" content=\"ideaRed\" \/>\n<meta property=\"article:modified_time\" content=\"2025-07-30T08:00:09+00:00\" \/>\n<meta property=\"og:image\" content=\"https:\/\/ideared.eu\/wp-content\/uploads\/empresa-mentora-bcnactiva-ideared-300x96.png\" \/>\n<meta name=\"twitter:card\" content=\"summary_large_image\" \/>\n<meta name=\"twitter:label1\" content=\"Temps estimat de lectura\" \/>\n\t<meta name=\"twitter:data1\" content=\"4 minuts\" \/>\n<script type=\"application\/ld+json\" class=\"yoast-schema-graph\">{\"@context\":\"https:\/\/schema.org\",\"@graph\":[{\"@type\":\"WebPage\",\"@id\":\"https:\/\/ideared.eu\/ca\/sobre-ideared\",\"url\":\"https:\/\/ideared.eu\/ca\/sobre-ideared\",\"name\":\"Sobre ideaRed - ideaRed\",\"isPartOf\":{\"@id\":\"https:\/\/ideared.eu\/ca#website\"},\"primaryImageOfPage\":{\"@id\":\"https:\/\/ideared.eu\/ca\/sobre-ideared#primaryimage\"},\"image\":{\"@id\":\"https:\/\/ideared.eu\/ca\/sobre-ideared#primaryimage\"},\"thumbnailUrl\":\"https:\/\/ideared.eu\/wp-content\/uploads\/empresa-mentora-bcnactiva-ideared-300x96.png\",\"datePublished\":\"2020-03-31T09:43:43+00:00\",\"dateModified\":\"2025-07-30T08:00:09+00:00\",\"breadcrumb\":{\"@id\":\"https:\/\/ideared.eu\/ca\/sobre-ideared#breadcrumb\"},\"inLanguage\":\"ca\",\"potentialAction\":[{\"@type\":\"ReadAction\",\"target\":[\"https:\/\/ideared.eu\/ca\/sobre-ideared\"]}]},{\"@type\":\"ImageObject\",\"inLanguage\":\"ca\",\"@id\":\"https:\/\/ideared.eu\/ca\/sobre-ideared#primaryimage\",\"url\":\"https:\/\/ideared.eu\/wp-content\/uploads\/empresa-mentora-bcnactiva-ideared-300x96.png\",\"contentUrl\":\"https:\/\/ideared.eu\/wp-content\/uploads\/empresa-mentora-bcnactiva-ideared-300x96.png\"},{\"@type\":\"BreadcrumbList\",\"@id\":\"https:\/\/ideared.eu\/ca\/sobre-ideared#breadcrumb\",\"itemListElement\":[{\"@type\":\"ListItem\",\"position\":1,\"name\":\"Home\",\"item\":\"https:\/\/ideared.eu\/ca\"},{\"@type\":\"ListItem\",\"position\":2,\"name\":\"Sobre ideaRed\"}]},{\"@type\":\"WebSite\",\"@id\":\"https:\/\/ideared.eu\/ca#website\",\"url\":\"https:\/\/ideared.eu\/ca\",\"name\":\"ideaRed\",\"description\":\"Consultor\u00eda, marketing online y desarrollo web\",\"potentialAction\":[{\"@type\":\"SearchAction\",\"target\":{\"@type\":\"EntryPoint\",\"urlTemplate\":\"https:\/\/ideared.eu\/ca?s={search_term_string}\"},\"query-input\":{\"@type\":\"PropertyValueSpecification\",\"valueRequired\":true,\"valueName\":\"search_term_string\"}}],\"inLanguage\":\"ca\"}]}<\/script>\n<!-- \/ Yoast SEO plugin. -->","yoast_head_json":{"title":"Sobre ideaRed - ideaRed","robots":{"index":"index","follow":"follow","max-snippet":"max-snippet:-1","max-image-preview":"max-image-preview:large","max-video-preview":"max-video-preview:-1"},"canonical":"https:\/\/ideared.eu\/ca\/sobre-ideared","og_locale":"ca_ES","og_type":"article","og_title":"Sobre ideaRed - ideaRed","og_description":"[vc_row full_width=&#8221;stretch_row_content_no_spaces&#8221; background_position=&#8221;center center&#8221;][vc_column][\/vc_column][\/vc_row][vc_row][vc_column][vc_empty_space][vc_column_text css=&#8221;&#8221;] Empresa especialitzada en m\u00e0rqueting digital i desenvolupament web, ubicada al Districte 22 @ (Poblenou, Barcelona). Comptem ja amb m\u00e9s de 20 anys d&#8217;experi\u00e8ncia en comunicaci\u00f3 estrat\u00e8gica, desenvolupament web i m\u00e0rqueting en l\u00ednia. ideaRed est\u00e0 format per un equip s\u00f2lid de persones i una \u00e0mplia xarxa de col\u00b7laboradors dels \u00e0mbits del [&hellip;]","og_url":"https:\/\/ideared.eu\/ca\/sobre-ideared","og_site_name":"ideaRed","article_modified_time":"2025-07-30T08:00:09+00:00","og_image":[{"url":"https:\/\/ideared.eu\/wp-content\/uploads\/empresa-mentora-bcnactiva-ideared-300x96.png"}],"twitter_card":"summary_large_image","twitter_misc":{"Temps estimat de lectura":"4 minuts"},"schema":{"@context":"https:\/\/schema.org","@graph":[{"@type":"WebPage","@id":"https:\/\/ideared.eu\/ca\/sobre-ideared","url":"https:\/\/ideared.eu\/ca\/sobre-ideared","name":"Sobre ideaRed - ideaRed","isPartOf":{"@id":"https:\/\/ideared.eu\/ca#website"},"primaryImageOfPage":{"@id":"https:\/\/ideared.eu\/ca\/sobre-ideared#primaryimage"},"image":{"@id":"https:\/\/ideared.eu\/ca\/sobre-ideared#primaryimage"},"thumbnailUrl":"https:\/\/ideared.eu\/wp-content\/uploads\/empresa-mentora-bcnactiva-ideared-300x96.png","datePublished":"2020-03-31T09:43:43+00:00","dateModified":"2025-07-30T08:00:09+00:00","breadcrumb":{"@id":"https:\/\/ideared.eu\/ca\/sobre-ideared#breadcrumb"},"inLanguage":"ca","potentialAction":[{"@type":"ReadAction","target":["https:\/\/ideared.eu\/ca\/sobre-ideared"]}]},{"@type":"ImageObject","inLanguage":"ca","@id":"https:\/\/ideared.eu\/ca\/sobre-ideared#primaryimage","url":"https:\/\/ideared.eu\/wp-content\/uploads\/empresa-mentora-bcnactiva-ideared-300x96.png","contentUrl":"https:\/\/ideared.eu\/wp-content\/uploads\/empresa-mentora-bcnactiva-ideared-300x96.png"},{"@type":"BreadcrumbList","@id":"https:\/\/ideared.eu\/ca\/sobre-ideared#breadcrumb","itemListElement":[{"@type":"ListItem","position":1,"name":"Home","item":"https:\/\/ideared.eu\/ca"},{"@type":"ListItem","position":2,"name":"Sobre ideaRed"}]},{"@type":"WebSite","@id":"https:\/\/ideared.eu\/ca#website","url":"https:\/\/ideared.eu\/ca","name":"ideaRed","description":"Consultor\u00eda, marketing online y desarrollo web","potentialAction":[{"@type":"SearchAction","target":{"@type":"EntryPoint","urlTemplate":"https:\/\/ideared.eu\/ca?s={search_term_string}"},"query-input":{"@type":"PropertyValueSpecification","valueRequired":true,"valueName":"search_term_string"}}],"inLanguage":"ca"}]}},"_links":{"self":[{"href":"https:\/\/ideared.eu\/ca\/wp-json\/wp\/v2\/pages\/4233"}],"collection":[{"href":"https:\/\/ideared.eu\/ca\/wp-json\/wp\/v2\/pages"}],"about":[{"href":"https:\/\/ideared.eu\/ca\/wp-json\/wp\/v2\/types\/page"}],"author":[{"embeddable":true,"href":"https:\/\/ideared.eu\/ca\/wp-json\/wp\/v2\/users\/1"}],"replies":[{"embeddable":true,"href":"https:\/\/ideared.eu\/ca\/wp-json\/wp\/v2\/comments?post=4233"}],"version-history":[{"count":13,"href":"https:\/\/ideared.eu\/ca\/wp-json\/wp\/v2\/pages\/4233\/revisions"}],"predecessor-version":[{"id":5755,"href":"https:\/\/ideared.eu\/ca\/wp-json\/wp\/v2\/pages\/4233\/revisions\/5755"}],"wp:attachment":[{"href":"https:\/\/ideared.eu\/ca\/wp-json\/wp\/v2\/media?parent=4233"}],"curies":[{"name":"wp","href":"https:\/\/api.w.org\/{rel}","templated":true}]}}