{"id":4238,"date":"2020-03-16T13:29:16","date_gmt":"2020-03-16T12:29:16","guid":{"rendered":"https:\/\/ideared.eu\/consultoria"},"modified":"2022-05-09T11:11:47","modified_gmt":"2022-05-09T09:11:47","slug":"consultoria-tranformacio-digital","status":"publish","type":"page","link":"https:\/\/ideared.eu\/ca\/consultoria-tranformacio-digital","title":{"rendered":"Consultoria en transformaci\u00f3 digital"},"content":{"rendered":"<div class=\"wpb-content-wrapper\"><p>[vc_row full_width=&#8221;stretch_row_content_no_spaces&#8221; background_position=&#8221;center center&#8221;][vc_column]<div class=\"banner-area banner-5e7235e22f83f autoplay-false\"><div class=\"banner-bottom\"><div class=\"container\"><\/div><\/div><div class=\"banner  fixed-height style2\" style=\"height: 250px;\"><div class=\"item banner-item-69e73dd1c7d82 middle tal white\" style=\"background-image: url(https:\/\/ideared.eu\/wp-content\/uploads\/question-mark-2492009_1920.jpg);\"><div class=\"overlay\"><\/div><div class=\"container\"><div class=\"cell\"><div class=\"h\">Transformaci\u00f3 digital<\/div><\/div><\/div><\/div><\/div><\/div>[\/vc_column][\/vc_row][vc_row full_width=&#8221;stretch_row&#8221; css=&#8221;.vc_custom_1592210236706{background-color: #ffffff !important;}&#8221;][vc_column][vc_column_text]<\/p>\n<p style=\"text-align: justify;\">Davant de qualsevol projecte, implementaci\u00f3 o campanya \u00e9s clau partir d&#8217;una bona an\u00e0lisi i d&#8217;una estrat\u00e8gia que ens permeti abordar amb \u00e8xit tot projecte. A ideaRed analitzem la situaci\u00f3 actual del teu negoci a internet (web, e-commerce &#8230;) i et proposem solucions realistes, sempre adaptant-nos a les teves necessitats i pressupost disponible.<\/p>\n<p>Alguns dels nostres serveis en aquest camp s\u00f3n:[\/vc_column_text][vc_row_inner][vc_column_inner width=&#8221;1\/2&#8243;][vc_column_text]<\/p>\n<ul style=\"list-style-type: circle;\">\n<li>Transformaci\u00f3 Digital. An\u00e0lisi i desenvolupament de programes de gesti\u00f3 en el n\u00favol.<\/li>\n<li>Consultoria de Models de negoci Digital &amp; E-commerce.<\/li>\n<li>Definici\u00f3, models de preus, viabilitat, escenaris.<\/li>\n<li>Millores, definici\u00f3 de mercat, benchmarking (estudi de competidors).<\/li>\n<li>Consultoria, estrat\u00e8gia i auditoria de m\u00e0rqueting digital.<\/li>\n<li>Auditoria de comunicaci\u00f3.<\/li>\n<\/ul>\n<p>[\/vc_column_text][\/vc_column_inner][vc_column_inner width=&#8221;1\/2&#8243;][vc_column_text]<\/p>\n<ul style=\"list-style-type: circle;\">\n<li>An\u00e0lisi de marca i posicionament en el mercat<\/li>\n<li>Auditories: SEO<\/li>\n<li>Auditories: SEM<\/li>\n<li>Auditories WPO<\/li>\n<li>E-learning<\/li>\n<\/ul>\n<p>[\/vc_column_text][\/vc_column_inner][\/vc_row_inner][vc_column_text]<\/p>\n<blockquote><p>Tenir una estrat\u00e8gia i uns objectius realistes definits t&#8217;ajudar\u00e0 a canviar el rumb del teu negoci i obtenir millors resultats<\/p><\/blockquote>\n<p>[\/vc_column_text][\/vc_column][\/vc_row][vc_row equal_height=&#8221;yes&#8221; css=&#8221;.vc_custom_1592211283355{padding-top: 30px !important;padding-bottom: 30px !important;}&#8221;][vc_column width=&#8221;1\/2&#8243;]\r\n        <div class=\"icon-box icon-box-69e73dd1c811b icon-box-style1 tal\">\r\n                            <div class=\"icon graphic-design-website\"><\/div>\r\n                            <h4 class=\"heading\">M\u00e8tode WebSite Canvas Model<\/h4>\r\n                            <div class=\"desc\">El Website Canvas Model \u00e9s una representaci\u00f3 conceptual, gr\u00e0fica i visual dels sistemes o processos que es donen en un lloc web. Disseny estrat\u00e8gic i operatiu de llocs web i APPs.<\/p>\n<p>Identifica els aspectes claus per a l'\u00e8xit d'un projecte web com la relaci\u00f3 amb els clients, debilitats de la compet\u00e8ncia, proposta de valor... A m\u00e9s, mostra pautes per a la creaci\u00f3 de nous llocs web (de tem\u00e0tica similar) i aspectes susceptibles de millora.<\/div>\r\n                    <\/div>\r\n        \r\n        \r\n        <div class=\"icon-box icon-box-69e73dd1c81c9 icon-box-style1 tal\">\r\n                            <div class=\"icon graphic-design-website\"><\/div>\r\n                            <h4 class=\"heading\">Benchmarking de la compet\u00e8ncia<\/h4>\r\n                            <div class=\"desc\">Analitzem les estrat\u00e8gies i les accions de la teva compet\u00e8ncia per millorar-les, diferenciar-nos i posar-nos un pas per davant.<\/div>\r\n                    <\/div>\r\n        \r\n        [\/vc_column][vc_column width=&#8221;1\/2&#8243;]<div class=\"pt-special-heading pt-special-heading-5ee733e9b160c  tal\"><div class=\"sub-h decor-h\"><span>NECESSITES M\u00c9S INFORMACI\u00d3?<\/span><\/div><h3 class=\"heading\"><i>Formulari de <span>contacte<\/span><\/i><\/h3><\/div>[vc_column_text]<\/p>\n<div class=\"tlid-input input\">\n<div class=\"source-wrap\">\n<div class=\"input-full-height-wrapper tlid-input-full-height-wrapper\">\n<div class=\"source-input\">\n<div class=\"source-footer-wrap source-or-target-footer\">\n<div class=\"character-count tlid-character-count\"><\/div>\n<\/div>\n<\/div>\n<\/div>\n<\/div>\n<\/div>\n<div class=\"tlid-results-container results-container\">\n<div class=\"tlid-result result-dict-wrapper\">\n<div class=\"result tlid-copy-target\">\n<div class=\"result-header\">\n<div class=\"starbutton jfk-button-flat jfk-button unstarred\" tabindex=\"0\" role=\"button\" aria-label=\"Destacar traducci\u00f3n\" data-tooltip=\"Destacar traducci\u00f3n\" data-tooltip-align=\"t,c\">\n<div class=\"jfk-button-img\"><span title=\"\">Si vols contractar<\/span> <span title=\"\">aquest<\/span> <span title=\"\">servei o<\/span> <span title=\"\">necessites<\/span> <span title=\"\">m\u00e9s<\/span> <span title=\"\">informaci\u00f3<\/span> <span title=\"\">nom\u00e9s has d&#8217;omplir<\/span> <span title=\"\">aquest<\/span> <span title=\"\">formulari<\/span> <span title=\"\">de contacte.<\/span> <span title=\"\">Aviat<\/span> <span title=\"\">rebr\u00e0s una<\/span> <span title=\"\">resposta.<\/span><\/div>\n<\/div>\n<\/div>\n<\/div>\n<\/div>\n<\/div>\n<p>[\/vc_column_text]\n<div class=\"wpcf7 no-js\" id=\"wpcf7-f3710-o1\" lang=\"es-ES\" dir=\"ltr\">\n<div class=\"screen-reader-response\"><p role=\"status\" aria-live=\"polite\" aria-atomic=\"true\"><\/p> <ul><\/ul><\/div>\n<form action=\"\/ca\/wp-json\/wp\/v2\/pages\/4238#wpcf7-f3710-o1\" method=\"post\" class=\"wpcf7-form init\" aria-label=\"Formulario de contacto\" novalidate=\"novalidate\" data-status=\"init\">\n<div style=\"display: none;\">\n<input type=\"hidden\" name=\"_wpcf7\" value=\"3710\" \/>\n<input type=\"hidden\" name=\"_wpcf7_version\" value=\"5.9.8\" \/>\n<input type=\"hidden\" name=\"_wpcf7_locale\" value=\"es_ES\" \/>\n<input type=\"hidden\" name=\"_wpcf7_unit_tag\" value=\"wpcf7-f3710-o1\" \/>\n<input type=\"hidden\" name=\"_wpcf7_container_post\" value=\"0\" \/>\n<input type=\"hidden\" name=\"_wpcf7_posted_data_hash\" value=\"\" \/>\n<input type=\"hidden\" name=\"_wpcf7_recaptcha_response\" value=\"\" \/>\n<\/div>\n<div class=\"contact-form-t2 row\">\n<div class=\"col-xs-12\">\n<span class=\"wpcf7-form-control-wrap\" data-name=\"Nombre\"><input size=\"40\" maxlength=\"400\" class=\"wpcf7-form-control wpcf7-text wpcf7-validates-as-required style1\" aria-required=\"true\" aria-invalid=\"false\" value=\"\" type=\"text\" name=\"Nombre\" \/><\/span>\n<label>Nom <span>*<\/span><\/label>\n<\/div>\n<div class=\"col-xs-12\">\n<span class=\"wpcf7-form-control-wrap\" data-name=\"Email\"><input size=\"40\" maxlength=\"400\" class=\"wpcf7-form-control wpcf7-email wpcf7-validates-as-required wpcf7-text wpcf7-validates-as-email style1\" aria-required=\"true\" aria-invalid=\"false\" value=\"\" type=\"email\" name=\"Email\" \/><\/span>\n<label>Email <span>*<\/span><\/label>\n<\/div>\n<div class=\"col-xs-12\">\n<span class=\"wpcf7-form-control-wrap\" data-name=\"Mensaje\"><textarea cols=\"40\" rows=\"10\" maxlength=\"2000\" class=\"wpcf7-form-control wpcf7-textarea wpcf7-validates-as-required style1\" aria-required=\"true\" aria-invalid=\"false\" name=\"Mensaje\"><\/textarea><\/span>\n<label>Missatge <span>*<\/span><\/label>\n<\/div>\n<div class=\"col-xs-12\">\n<span class=\"wpcf7-form-control-wrap\" data-name=\"acceptance-334\"><span class=\"wpcf7-form-control wpcf7-acceptance\"><span class=\"wpcf7-list-item\"><label><input type=\"checkbox\" name=\"acceptance-334\" value=\"1\" aria-invalid=\"false\" \/><span class=\"wpcf7-list-item-label\"><label style=\"font-size: 15px;font-weight: bold;\">Accepto la <a href=\"\/ca\/politica-de-privacitat\" target=\"_blank\">pol\u00edtica de privacitat<\/a><\/label><\/span><\/label><\/span><\/span><\/span>\n<p>\n<label style=\"font-size: 15px;font-weight: bold;\"><span style=\"color: #5aa1e3;\">*<\/span> Camps obligatoris<\/label><\/p>\n<input class=\"wpcf7-form-control wpcf7-submit has-spinner button-style1\" type=\"submit\" value=\"Enviar\" \/>\n\n<\/div>\n<\/div><div class=\"wpcf7-response-output\" aria-hidden=\"true\"><\/div>\n<\/form>\n<\/div>\n[\/vc_column][\/vc_row][vc_row full_width=&#8221;stretch_row&#8221; css=&#8221;.vc_custom_1591968392072{background-color: #ffffff !important;}&#8221;][vc_column]<div class=\"pt-special-heading pt-special-heading-5ee2337c0312e  tal\"><div class=\"sub-h decor-h\"><span>\u00daltims projectes<\/span><\/div><h3 class=\"heading\"><i>Exemples de <span>Consultoria<\/span><\/i><\/h3><\/div><div class=\"portfolio-block\"><div class=\"portfolio-items row portfolio-type-grid gap-on cols-4 hover-style1 portfolio-5ee2333845014 \"><div class=\"grid-sizer col-xs-12 col-sm-4 col-md-3\"><\/div><article class=\"portfolio-item category-desenvolupament-web category-disseny-web category-pla-de-comunicacio category-social-media-ca col-xs-12 col-sm-4 col-md-3\"><div class=\"wrap \"><div class=\"a-img\"><div style=\"background-image: url(https:\/\/ideared.eu\/wp-content\/uploads\/Post-instagram-quote-frase-1024x1024.png);\"><\/div><\/div><h6><span class=\"cell\"><a class=\"readmore-link dec-line-t-l permalink\" href=\"https:\/\/ideared.eu\/ca\/projecte\/dotor-bus\">Veure projecte<\/a><span>Dotor Bus<\/span><\/span><\/h6><a href=\"https:\/\/ideared.eu\/ca\/projecte\/dotor-bus\" class=\"link\" data-id=\"1\"><span><\/span><\/a><\/div><\/article><article class=\"portfolio-item category-apps-i-interactius category-consultoria-estrategica-ca category-desenvolupament-web col-xs-12 col-sm-4 col-md-3\"><div class=\"wrap \"><div class=\"a-img\"><div style=\"background-image: url(https:\/\/ideared.eu\/wp-content\/uploads\/intermediaJOB-projecte.jpg);\"><\/div><\/div><h6><span class=\"cell\"><a class=\"readmore-link dec-line-t-l permalink\" href=\"https:\/\/ideared.eu\/ca\/projecte\/intermediajob\">Veure projecte<\/a><span>IntermediaJOB<\/span><\/span><\/h6><a href=\"https:\/\/ideared.eu\/ca\/projecte\/intermediajob\" class=\"link\" data-id=\"2\"><span><\/span><\/a><\/div><\/article><article class=\"portfolio-item category-comunicacio-i-publicitat category-consultoria-estrategica-ca category-pla-de-comunicacio category-social-media-ca col-xs-12 col-sm-4 col-md-3\"><div class=\"wrap \"><div class=\"a-img\"><div style=\"background-image: url(https:\/\/ideared.eu\/wp-content\/uploads\/fets-banca-etica.png);\"><\/div><\/div><h6><span class=\"cell\"><a class=\"readmore-link dec-line-t-l permalink\" href=\"https:\/\/ideared.eu\/ca\/projecte\/fets-banca-etica\">Veure projecte<\/a><span>FETS (Banca \u00c8tica)<\/span><\/span><\/h6><a href=\"https:\/\/ideared.eu\/ca\/projecte\/fets-banca-etica\" class=\"link\" data-id=\"3\"><span><\/span><\/a><\/div><\/article><article class=\"portfolio-item category-comunicacio-i-publicitat category-imatge-corporativa category-marketing-digital-i-mobil category-pla-de-comunicacio category-social-media-ca col-xs-12 col-sm-4 col-md-3\"><div class=\"wrap \"><div class=\"a-img\"><div style=\"background-image: url(https:\/\/ideared.eu\/wp-content\/uploads\/narural.jpg);\"><\/div><\/div><h6><span class=\"cell\"><a class=\"readmore-link dec-line-t-l permalink\" href=\"https:\/\/ideared.eu\/ca\/projecte\/narural-energy\">Veure projecte<\/a><span>naRural Energy<\/span><\/span><\/h6><a href=\"https:\/\/ideared.eu\/ca\/projecte\/narural-energy\" class=\"link\" data-id=\"4\"><span><\/span><\/a><\/div><\/article><\/div><\/div>[\/vc_column][\/vc_row]<\/p>\n<\/div>","protected":false},"excerpt":{"rendered":"<p>[vc_row full_width=&#8221;stretch_row_content_no_spaces&#8221; background_position=&#8221;center center&#8221;][vc_column][\/vc_column][\/vc_row][vc_row full_width=&#8221;stretch_row&#8221; css=&#8221;.vc_custom_1592210236706{background-color: #ffffff !important;}&#8221;][vc_column][vc_column_text] Davant de qualsevol projecte, implementaci\u00f3 o campanya \u00e9s clau partir d&#8217;una bona an\u00e0lisi i d&#8217;una estrat\u00e8gia que ens permeti abordar amb \u00e8xit tot projecte. A ideaRed analitzem la situaci\u00f3 actual del teu negoci a internet (web, e-commerce &#8230;) i et proposem solucions realistes, sempre adaptant-nos a les [&hellip;]<\/p>\n","protected":false},"author":1,"featured_media":0,"parent":0,"menu_order":0,"comment_status":"closed","ping_status":"closed","template":"template-landing.php","meta":{"_acf_changed":false,"footnotes":""},"class_list":["post-4238","page","type-page","status-publish","hentry"],"acf":[],"yoast_head":"<!-- This site is optimized with the Yoast SEO plugin v23.7 - https:\/\/yoast.com\/wordpress\/plugins\/seo\/ -->\n<title>Consultoria en transformaci\u00f3 digital - ideaRed<\/title>\n<meta name=\"description\" content=\"T&#039;ajudem en la transformaci\u00f3 digital del teu negoci. Analitzem la situaci\u00f3 actual i et proposem solucions realistes en base dels teus objectius.\" \/>\n<meta name=\"robots\" content=\"index, follow, max-snippet:-1, max-image-preview:large, max-video-preview:-1\" \/>\n<link rel=\"canonical\" href=\"https:\/\/ideared.eu\/ca\/consultoria-tranformacio-digital\" \/>\n<meta property=\"og:locale\" content=\"ca_ES\" \/>\n<meta property=\"og:type\" content=\"article\" \/>\n<meta property=\"og:title\" content=\"Consultoria en transformaci\u00f3 digital - ideaRed\" \/>\n<meta property=\"og:description\" content=\"T&#039;ajudem en la transformaci\u00f3 digital del teu negoci. Analitzem la situaci\u00f3 actual i et proposem solucions realistes en base dels teus objectius.\" \/>\n<meta property=\"og:url\" content=\"https:\/\/ideared.eu\/ca\/consultoria-tranformacio-digital\" \/>\n<meta property=\"og:site_name\" content=\"ideaRed\" \/>\n<meta property=\"article:modified_time\" content=\"2022-05-09T09:11:47+00:00\" \/>\n<meta name=\"twitter:card\" content=\"summary_large_image\" \/>\n<meta name=\"twitter:label1\" content=\"Temps estimat de lectura\" \/>\n\t<meta name=\"twitter:data1\" content=\"3 minuts\" \/>\n<script type=\"application\/ld+json\" class=\"yoast-schema-graph\">{\"@context\":\"https:\/\/schema.org\",\"@graph\":[{\"@type\":\"WebPage\",\"@id\":\"https:\/\/ideared.eu\/ca\/consultoria-tranformacio-digital\",\"url\":\"https:\/\/ideared.eu\/ca\/consultoria-tranformacio-digital\",\"name\":\"Consultoria en transformaci\u00f3 digital - ideaRed\",\"isPartOf\":{\"@id\":\"https:\/\/ideared.eu\/ca#website\"},\"datePublished\":\"2020-03-16T12:29:16+00:00\",\"dateModified\":\"2022-05-09T09:11:47+00:00\",\"description\":\"T'ajudem en la transformaci\u00f3 digital del teu negoci. Analitzem la situaci\u00f3 actual i et proposem solucions realistes en base dels teus objectius.\",\"breadcrumb\":{\"@id\":\"https:\/\/ideared.eu\/ca\/consultoria-tranformacio-digital#breadcrumb\"},\"inLanguage\":\"ca\",\"potentialAction\":[{\"@type\":\"ReadAction\",\"target\":[\"https:\/\/ideared.eu\/ca\/consultoria-tranformacio-digital\"]}]},{\"@type\":\"BreadcrumbList\",\"@id\":\"https:\/\/ideared.eu\/ca\/consultoria-tranformacio-digital#breadcrumb\",\"itemListElement\":[{\"@type\":\"ListItem\",\"position\":1,\"name\":\"Home\",\"item\":\"https:\/\/ideared.eu\/ca\"},{\"@type\":\"ListItem\",\"position\":2,\"name\":\"Consultoria en transformaci\u00f3 digital\"}]},{\"@type\":\"WebSite\",\"@id\":\"https:\/\/ideared.eu\/ca#website\",\"url\":\"https:\/\/ideared.eu\/ca\",\"name\":\"ideaRed\",\"description\":\"Consultor\u00eda, marketing online y desarrollo web\",\"potentialAction\":[{\"@type\":\"SearchAction\",\"target\":{\"@type\":\"EntryPoint\",\"urlTemplate\":\"https:\/\/ideared.eu\/ca?s={search_term_string}\"},\"query-input\":{\"@type\":\"PropertyValueSpecification\",\"valueRequired\":true,\"valueName\":\"search_term_string\"}}],\"inLanguage\":\"ca\"}]}<\/script>\n<!-- \/ Yoast SEO plugin. -->","yoast_head_json":{"title":"Consultoria en transformaci\u00f3 digital - ideaRed","description":"T'ajudem en la transformaci\u00f3 digital del teu negoci. Analitzem la situaci\u00f3 actual i et proposem solucions realistes en base dels teus objectius.","robots":{"index":"index","follow":"follow","max-snippet":"max-snippet:-1","max-image-preview":"max-image-preview:large","max-video-preview":"max-video-preview:-1"},"canonical":"https:\/\/ideared.eu\/ca\/consultoria-tranformacio-digital","og_locale":"ca_ES","og_type":"article","og_title":"Consultoria en transformaci\u00f3 digital - ideaRed","og_description":"T'ajudem en la transformaci\u00f3 digital del teu negoci. Analitzem la situaci\u00f3 actual i et proposem solucions realistes en base dels teus objectius.","og_url":"https:\/\/ideared.eu\/ca\/consultoria-tranformacio-digital","og_site_name":"ideaRed","article_modified_time":"2022-05-09T09:11:47+00:00","twitter_card":"summary_large_image","twitter_misc":{"Temps estimat de lectura":"3 minuts"},"schema":{"@context":"https:\/\/schema.org","@graph":[{"@type":"WebPage","@id":"https:\/\/ideared.eu\/ca\/consultoria-tranformacio-digital","url":"https:\/\/ideared.eu\/ca\/consultoria-tranformacio-digital","name":"Consultoria en transformaci\u00f3 digital - ideaRed","isPartOf":{"@id":"https:\/\/ideared.eu\/ca#website"},"datePublished":"2020-03-16T12:29:16+00:00","dateModified":"2022-05-09T09:11:47+00:00","description":"T'ajudem en la transformaci\u00f3 digital del teu negoci. Analitzem la situaci\u00f3 actual i et proposem solucions realistes en base dels teus objectius.","breadcrumb":{"@id":"https:\/\/ideared.eu\/ca\/consultoria-tranformacio-digital#breadcrumb"},"inLanguage":"ca","potentialAction":[{"@type":"ReadAction","target":["https:\/\/ideared.eu\/ca\/consultoria-tranformacio-digital"]}]},{"@type":"BreadcrumbList","@id":"https:\/\/ideared.eu\/ca\/consultoria-tranformacio-digital#breadcrumb","itemListElement":[{"@type":"ListItem","position":1,"name":"Home","item":"https:\/\/ideared.eu\/ca"},{"@type":"ListItem","position":2,"name":"Consultoria en transformaci\u00f3 digital"}]},{"@type":"WebSite","@id":"https:\/\/ideared.eu\/ca#website","url":"https:\/\/ideared.eu\/ca","name":"ideaRed","description":"Consultor\u00eda, marketing online y desarrollo web","potentialAction":[{"@type":"SearchAction","target":{"@type":"EntryPoint","urlTemplate":"https:\/\/ideared.eu\/ca?s={search_term_string}"},"query-input":{"@type":"PropertyValueSpecification","valueRequired":true,"valueName":"search_term_string"}}],"inLanguage":"ca"}]}},"_links":{"self":[{"href":"https:\/\/ideared.eu\/ca\/wp-json\/wp\/v2\/pages\/4238"}],"collection":[{"href":"https:\/\/ideared.eu\/ca\/wp-json\/wp\/v2\/pages"}],"about":[{"href":"https:\/\/ideared.eu\/ca\/wp-json\/wp\/v2\/types\/page"}],"author":[{"embeddable":true,"href":"https:\/\/ideared.eu\/ca\/wp-json\/wp\/v2\/users\/1"}],"replies":[{"embeddable":true,"href":"https:\/\/ideared.eu\/ca\/wp-json\/wp\/v2\/comments?post=4238"}],"version-history":[{"count":14,"href":"https:\/\/ideared.eu\/ca\/wp-json\/wp\/v2\/pages\/4238\/revisions"}],"predecessor-version":[{"id":4945,"href":"https:\/\/ideared.eu\/ca\/wp-json\/wp\/v2\/pages\/4238\/revisions\/4945"}],"wp:attachment":[{"href":"https:\/\/ideared.eu\/ca\/wp-json\/wp\/v2\/media?parent=4238"}],"curies":[{"name":"wp","href":"https:\/\/api.w.org\/{rel}","templated":true}]}}