{"id":4250,"date":"2020-03-16T13:13:20","date_gmt":"2020-03-16T12:13:20","guid":{"rendered":"https:\/\/ideared.eu\/marketing-digital"},"modified":"2022-05-06T13:26:47","modified_gmt":"2022-05-06T11:26:47","slug":"marketing-digital","status":"publish","type":"page","link":"https:\/\/ideared.eu\/ca\/marketing-digital","title":{"rendered":"Marketing"},"content":{"rendered":"<div class=\"wpb-content-wrapper\"><p>[vc_row full_width=&#8221;stretch_row_content_no_spaces&#8221; background_position=&#8221;center center&#8221;][vc_column]<div class=\"banner-area banner-5e7235e22f83f autoplay-false\"><div class=\"banner-bottom\"><div class=\"container\"><\/div><\/div><div class=\"banner  fixed-height style2\" style=\"height: 250px;\"><div class=\"item banner-item-69e73a8f2ecf5 middle tal white\" style=\"background-image: url(https:\/\/ideared.eu\/wp-content\/uploads\/servicio-marketing-ideared.jpg);\"><div class=\"overlay\"><\/div><div class=\"container\"><div class=\"cell\"><div class=\"h\">Marketing online<\/div><\/div><\/div><\/div><\/div><\/div>[\/vc_column][\/vc_row][vc_row full_width=&#8221;stretch_row&#8221; css=&#8221;.vc_custom_1592211605033{background-color: #ffffff !important;}&#8221;][vc_column][vc_column_text]<\/p>\n<p style=\"text-align: justify;\">Tens un web que genera poques visites? Vols arribar a altres p\u00fablics o mercats? A ideaRed analitzem la teva web i la optimitzem perqu\u00e8 escali posicions en els resultats dels diferents cercadors. Afegim les paraules clau que defineixin la teva web i t&#8217;ajudin a posicionar-la millor que la teva compet\u00e8ncia. Tamb\u00e9 modifiquem els continguts i textos i URL de la teva web perqu\u00e8 siguin SEO friendly.<\/p>\n<blockquote>\n<p>Amb una bona estrat\u00e8gia de m\u00e0rqueting en l\u00ednia arribarem als nostres p\u00fablics a trav\u00e9s de mitjans receptius i afavorirem les vendes.<\/p>\n<\/blockquote>\n<p>[\/vc_column_text][\/vc_column][\/vc_row][vc_row equal_height=&#8221;yes&#8221; css=&#8221;.vc_custom_1592211707416{padding-top: 30px !important;padding-bottom: 30px !important;}&#8221;][vc_column width=&#8221;1\/2&#8243;]\r\n        <div class=\"icon-box icon-box-69e73a8f32f05 icon-box-style1 tal\">\r\n                            <div class=\"icon digital-marketing-computer-4\"><\/div>\r\n                            <h4 class=\"heading\">Publicitat a cercadors (SEM)<\/h4>\r\n                            <div class=\"desc\">Amb el sistema de pagament per clic podr\u00e0s decidir quin pressupost destines cada dia a anunciar-te. A ideaRed trobar\u00e0s experts en Google Adwords que t'ajudaran a planificar les teves Campanyes traient el m\u00e0xim partit de cada c\u00e8ntim invertit.<\/div>\r\n                    <\/div>\r\n        \r\n        \r\n        <div class=\"icon-box icon-box-69e73a8f32f9b icon-box-style1 tal\">\r\n                            <div class=\"icon digital-marketing-search\"><\/div>\r\n                            <h4 class=\"heading\">Posicionament web (SEO)<\/h4>\r\n                            <div class=\"desc\">Mitjan\u00e7ant aquest servei aconseguir\u00e0s m\u00e9s visites i m\u00e9s notorietat. Gr\u00e0cies a les paraules clau adequades podr\u00e0s posicionar-te en sectors m\u00e9s espec\u00edfics i que els teus clients potencials et trobin m\u00e9s f\u00e0cilment.<\/div>\r\n                    <\/div>\r\n        \r\n        \r\n        <div class=\"icon-box icon-box-69e73a8f33010 icon-box-style1 tal\">\r\n                            <div class=\"icon far fa-thumbs-up\"><\/div>\r\n                            <h4 class=\"heading\">Marketing a Xarxes Socials (SSM)<\/h4>\r\n                            <div class=\"desc\">Una altra manera d'aconseguir m\u00e9s visibilitat \u00e9s promocionant entrades o publicant anuncis a les diferents xarxes socials.<\/div>\r\n                    <\/div>\r\n        \r\n        [\/vc_column][vc_column width=&#8221;1\/2&#8243;]<div class=\"pt-special-heading pt-special-heading-5ee738bfbd05d  tal\"><div class=\"sub-h decor-h\"><span>NECESSITES M\u00c9S INFORMACI\u00d3?<\/span><\/div><h3 class=\"heading\"><i>Formulari de <span>contacte<\/span><\/i><\/h3><\/div>[vc_column_text]<\/p>\n<div class=\"wpb_text_column wpb_content_element \">\n<div class=\"wpb_wrapper\">\n<p><span title=\"\">Si vols contractar<\/span> <span title=\"\">aquest<\/span> <span title=\"\">servei o<\/span> <span title=\"\">necessites<\/span> <span title=\"\">m\u00e9s<\/span> <span title=\"\">informaci\u00f3<\/span> <span title=\"\">nom\u00e9s has d&#8217;omplir<\/span> <span title=\"\">aquest<\/span> <span title=\"\">formulari<\/span> <span title=\"\">de contacte.<\/span> <span title=\"\">Aviat<\/span> <span title=\"\">rebr\u00e0s una<\/span> <span title=\"\">resposta.<\/span><\/div>\n<\/div>\n<p>[\/vc_column_text]\n<div class=\"wpcf7 no-js\" id=\"wpcf7-f3710-o1\" lang=\"es-ES\" dir=\"ltr\">\n<div class=\"screen-reader-response\"><p role=\"status\" aria-live=\"polite\" aria-atomic=\"true\"><\/p> <ul><\/ul><\/div>\n<form action=\"\/ca\/wp-json\/wp\/v2\/pages\/4250#wpcf7-f3710-o1\" method=\"post\" class=\"wpcf7-form init\" aria-label=\"Formulario de contacto\" novalidate=\"novalidate\" data-status=\"init\">\n<div style=\"display: none;\">\n<input type=\"hidden\" name=\"_wpcf7\" value=\"3710\" \/>\n<input type=\"hidden\" name=\"_wpcf7_version\" value=\"5.9.8\" \/>\n<input type=\"hidden\" name=\"_wpcf7_locale\" value=\"es_ES\" \/>\n<input type=\"hidden\" name=\"_wpcf7_unit_tag\" value=\"wpcf7-f3710-o1\" \/>\n<input type=\"hidden\" name=\"_wpcf7_container_post\" value=\"0\" \/>\n<input type=\"hidden\" name=\"_wpcf7_posted_data_hash\" value=\"\" \/>\n<input type=\"hidden\" name=\"_wpcf7_recaptcha_response\" value=\"\" \/>\n<\/div>\n<div class=\"contact-form-t2 row\">\n<div class=\"col-xs-12\">\n<span class=\"wpcf7-form-control-wrap\" data-name=\"Nombre\"><input size=\"40\" maxlength=\"400\" class=\"wpcf7-form-control wpcf7-text wpcf7-validates-as-required style1\" aria-required=\"true\" aria-invalid=\"false\" value=\"\" type=\"text\" name=\"Nombre\" \/><\/span>\n<label>Nom <span>*<\/span><\/label>\n<\/div>\n<div class=\"col-xs-12\">\n<span class=\"wpcf7-form-control-wrap\" data-name=\"Email\"><input size=\"40\" maxlength=\"400\" class=\"wpcf7-form-control wpcf7-email wpcf7-validates-as-required wpcf7-text wpcf7-validates-as-email style1\" aria-required=\"true\" aria-invalid=\"false\" value=\"\" type=\"email\" name=\"Email\" \/><\/span>\n<label>Email <span>*<\/span><\/label>\n<\/div>\n<div class=\"col-xs-12\">\n<span class=\"wpcf7-form-control-wrap\" data-name=\"Mensaje\"><textarea cols=\"40\" rows=\"10\" maxlength=\"2000\" class=\"wpcf7-form-control wpcf7-textarea wpcf7-validates-as-required style1\" aria-required=\"true\" aria-invalid=\"false\" name=\"Mensaje\"><\/textarea><\/span>\n<label>Missatge <span>*<\/span><\/label>\n<\/div>\n<div class=\"col-xs-12\">\n<span class=\"wpcf7-form-control-wrap\" data-name=\"acceptance-334\"><span class=\"wpcf7-form-control wpcf7-acceptance\"><span class=\"wpcf7-list-item\"><label><input type=\"checkbox\" name=\"acceptance-334\" value=\"1\" aria-invalid=\"false\" \/><span class=\"wpcf7-list-item-label\"><label style=\"font-size: 15px;font-weight: bold;\">Accepto la <a href=\"\/ca\/politica-de-privacitat\" target=\"_blank\">pol\u00edtica de privacitat<\/a><\/label><\/span><\/label><\/span><\/span><\/span>\n<p>\n<label style=\"font-size: 15px;font-weight: bold;\"><span style=\"color: #5aa1e3;\">*<\/span> Camps obligatoris<\/label><\/p>\n<input class=\"wpcf7-form-control wpcf7-submit has-spinner button-style1\" type=\"submit\" value=\"Enviar\" \/>\n\n<\/div>\n<\/div><div class=\"wpcf7-response-output\" aria-hidden=\"true\"><\/div>\n<\/form>\n<\/div>\n[\/vc_column][\/vc_row][vc_row full_width=&#8221;stretch_row&#8221; css=&#8221;.vc_custom_1592211723489{background-color: #ffffff !important;}&#8221;][vc_column]<div class=\"pt-special-heading pt-special-heading-5ee2337c0312e  tal\"><div class=\"sub-h decor-h\"><span>\u00daltims projectes<\/span><\/div><h3 class=\"heading\"><i>Exemples de <span>Marketing Online<\/span><\/i><\/h3><\/div><div class=\"portfolio-block\"><div class=\"portfolio-items row portfolio-type-grid gap-on cols-4 hover-style1 portfolio-5ee2333845014 \"><div class=\"grid-sizer col-xs-12 col-sm-4 col-md-3\"><\/div><article class=\"portfolio-item category-desenvolupament-web category-disseny-web category-pla-de-comunicacio category-social-media-ca col-xs-12 col-sm-4 col-md-3\"><div class=\"wrap \"><div class=\"a-img\"><div style=\"background-image: url(https:\/\/ideared.eu\/wp-content\/uploads\/Post-instagram-quote-frase-1024x1024.png);\"><\/div><\/div><h6><span class=\"cell\"><a class=\"readmore-link dec-line-t-l permalink\" href=\"https:\/\/ideared.eu\/ca\/projecte\/dotor-bus\">Veure projecte<\/a><span>Dotor Bus<\/span><\/span><\/h6><a href=\"https:\/\/ideared.eu\/ca\/projecte\/dotor-bus\" class=\"link\" data-id=\"1\"><span><\/span><\/a><\/div><\/article><article class=\"portfolio-item category-campanyes-cpc category-desenvolupament-e-commerce category-desenvolupament-web category-marketing-digital-i-mobil col-xs-12 col-sm-4 col-md-3\"><div class=\"wrap \"><div class=\"a-img\"><div style=\"background-image: url(https:\/\/ideared.eu\/wp-content\/uploads\/okasional-beer-portfolio.jpg);\"><\/div><\/div><h6><span class=\"cell\"><a class=\"readmore-link dec-line-t-l permalink\" href=\"https:\/\/ideared.eu\/ca\/projecte\/okasional-beer\">Veure projecte<\/a><span>OKasional Beer<\/span><\/span><\/h6><a href=\"https:\/\/ideared.eu\/ca\/projecte\/okasional-beer\" class=\"link\" data-id=\"2\"><span><\/span><\/a><\/div><\/article><article class=\"portfolio-item category-comunicacio-i-publicitat category-imatge-corporativa category-marketing-digital-i-mobil category-pla-de-comunicacio category-social-media-ca col-xs-12 col-sm-4 col-md-3\"><div class=\"wrap \"><div class=\"a-img\"><div style=\"background-image: url(https:\/\/ideared.eu\/wp-content\/uploads\/narural.jpg);\"><\/div><\/div><h6><span class=\"cell\"><a class=\"readmore-link dec-line-t-l permalink\" href=\"https:\/\/ideared.eu\/ca\/projecte\/narural-energy\">Veure projecte<\/a><span>naRural Energy<\/span><\/span><\/h6><a href=\"https:\/\/ideared.eu\/ca\/projecte\/narural-energy\" class=\"link\" data-id=\"3\"><span><\/span><\/a><\/div><\/article><article class=\"portfolio-item category-marketing-digital-i-mobil col-xs-12 col-sm-4 col-md-3\"><div class=\"wrap \"><div class=\"a-img\"><div style=\"background-image: url(https:\/\/ideared.eu\/wp-content\/uploads\/empresa-tic-confidencial.jpg);\"><\/div><\/div><h6><span class=\"cell\"><a class=\"readmore-link dec-line-t-l permalink\" href=\"https:\/\/ideared.eu\/ca\/projecte\/empresa-tic-confidencial\">Veure projecte<\/a><span>Empresa TIC (confidencial)<\/span><\/span><\/h6><a href=\"https:\/\/ideared.eu\/ca\/projecte\/empresa-tic-confidencial\" class=\"link\" data-id=\"4\"><span><\/span><\/a><\/div><\/article><\/div><\/div>[\/vc_column][\/vc_row]<\/p>\n<\/div>","protected":false},"excerpt":{"rendered":"<p>[vc_row full_width=&#8221;stretch_row_content_no_spaces&#8221; background_position=&#8221;center center&#8221;][vc_column][\/vc_column][\/vc_row][vc_row full_width=&#8221;stretch_row&#8221; css=&#8221;.vc_custom_1592211605033{background-color: #ffffff !important;}&#8221;][vc_column][vc_column_text] Tens un web que genera poques visites? Vols arribar a altres p\u00fablics o mercats? A ideaRed analitzem la teva web i la optimitzem perqu\u00e8 escali posicions en els resultats dels diferents cercadors. Afegim les paraules clau que defineixin la teva web i t&#8217;ajudin a posicionar-la millor que [&hellip;]<\/p>\n","protected":false},"author":1,"featured_media":0,"parent":0,"menu_order":0,"comment_status":"closed","ping_status":"closed","template":"template-landing.php","meta":{"_acf_changed":false,"footnotes":""},"class_list":["post-4250","page","type-page","status-publish","hentry"],"acf":[],"yoast_head":"<!-- This site is optimized with the Yoast SEO plugin v23.7 - https:\/\/yoast.com\/wordpress\/plugins\/seo\/ -->\n<title>Marketing - ideaRed<\/title>\n<meta name=\"robots\" content=\"index, follow, max-snippet:-1, max-image-preview:large, max-video-preview:-1\" \/>\n<link rel=\"canonical\" href=\"https:\/\/ideared.eu\/ca\/marketing-digital\" \/>\n<meta property=\"og:locale\" content=\"ca_ES\" \/>\n<meta property=\"og:type\" content=\"article\" \/>\n<meta property=\"og:title\" content=\"Marketing - ideaRed\" \/>\n<meta property=\"og:description\" content=\"[vc_row full_width=&#8221;stretch_row_content_no_spaces&#8221; background_position=&#8221;center center&#8221;][vc_column][\/vc_column][\/vc_row][vc_row full_width=&#8221;stretch_row&#8221; css=&#8221;.vc_custom_1592211605033{background-color: #ffffff !important;}&#8221;][vc_column][vc_column_text] Tens un web que genera poques visites? Vols arribar a altres p\u00fablics o mercats? A ideaRed analitzem la teva web i la optimitzem perqu\u00e8 escali posicions en els resultats dels diferents cercadors. Afegim les paraules clau que defineixin la teva web i t&#8217;ajudin a posicionar-la millor que [&hellip;]\" \/>\n<meta property=\"og:url\" content=\"https:\/\/ideared.eu\/ca\/marketing-digital\" \/>\n<meta property=\"og:site_name\" content=\"ideaRed\" \/>\n<meta property=\"article:modified_time\" content=\"2022-05-06T11:26:47+00:00\" \/>\n<meta name=\"twitter:card\" content=\"summary_large_image\" \/>\n<meta name=\"twitter:label1\" content=\"Temps estimat de lectura\" \/>\n\t<meta name=\"twitter:data1\" content=\"3 minuts\" \/>\n<script type=\"application\/ld+json\" class=\"yoast-schema-graph\">{\"@context\":\"https:\/\/schema.org\",\"@graph\":[{\"@type\":\"WebPage\",\"@id\":\"https:\/\/ideared.eu\/ca\/marketing-digital\",\"url\":\"https:\/\/ideared.eu\/ca\/marketing-digital\",\"name\":\"Marketing - ideaRed\",\"isPartOf\":{\"@id\":\"https:\/\/ideared.eu\/ca#website\"},\"datePublished\":\"2020-03-16T12:13:20+00:00\",\"dateModified\":\"2022-05-06T11:26:47+00:00\",\"breadcrumb\":{\"@id\":\"https:\/\/ideared.eu\/ca\/marketing-digital#breadcrumb\"},\"inLanguage\":\"ca\",\"potentialAction\":[{\"@type\":\"ReadAction\",\"target\":[\"https:\/\/ideared.eu\/ca\/marketing-digital\"]}]},{\"@type\":\"BreadcrumbList\",\"@id\":\"https:\/\/ideared.eu\/ca\/marketing-digital#breadcrumb\",\"itemListElement\":[{\"@type\":\"ListItem\",\"position\":1,\"name\":\"Home\",\"item\":\"https:\/\/ideared.eu\/ca\"},{\"@type\":\"ListItem\",\"position\":2,\"name\":\"Marketing\"}]},{\"@type\":\"WebSite\",\"@id\":\"https:\/\/ideared.eu\/ca#website\",\"url\":\"https:\/\/ideared.eu\/ca\",\"name\":\"ideaRed\",\"description\":\"Consultor\u00eda, marketing online y desarrollo web\",\"potentialAction\":[{\"@type\":\"SearchAction\",\"target\":{\"@type\":\"EntryPoint\",\"urlTemplate\":\"https:\/\/ideared.eu\/ca?s={search_term_string}\"},\"query-input\":{\"@type\":\"PropertyValueSpecification\",\"valueRequired\":true,\"valueName\":\"search_term_string\"}}],\"inLanguage\":\"ca\"}]}<\/script>\n<!-- \/ Yoast SEO plugin. -->","yoast_head_json":{"title":"Marketing - ideaRed","robots":{"index":"index","follow":"follow","max-snippet":"max-snippet:-1","max-image-preview":"max-image-preview:large","max-video-preview":"max-video-preview:-1"},"canonical":"https:\/\/ideared.eu\/ca\/marketing-digital","og_locale":"ca_ES","og_type":"article","og_title":"Marketing - ideaRed","og_description":"[vc_row full_width=&#8221;stretch_row_content_no_spaces&#8221; background_position=&#8221;center center&#8221;][vc_column][\/vc_column][\/vc_row][vc_row full_width=&#8221;stretch_row&#8221; css=&#8221;.vc_custom_1592211605033{background-color: #ffffff !important;}&#8221;][vc_column][vc_column_text] Tens un web que genera poques visites? Vols arribar a altres p\u00fablics o mercats? A ideaRed analitzem la teva web i la optimitzem perqu\u00e8 escali posicions en els resultats dels diferents cercadors. Afegim les paraules clau que defineixin la teva web i t&#8217;ajudin a posicionar-la millor que [&hellip;]","og_url":"https:\/\/ideared.eu\/ca\/marketing-digital","og_site_name":"ideaRed","article_modified_time":"2022-05-06T11:26:47+00:00","twitter_card":"summary_large_image","twitter_misc":{"Temps estimat de lectura":"3 minuts"},"schema":{"@context":"https:\/\/schema.org","@graph":[{"@type":"WebPage","@id":"https:\/\/ideared.eu\/ca\/marketing-digital","url":"https:\/\/ideared.eu\/ca\/marketing-digital","name":"Marketing - ideaRed","isPartOf":{"@id":"https:\/\/ideared.eu\/ca#website"},"datePublished":"2020-03-16T12:13:20+00:00","dateModified":"2022-05-06T11:26:47+00:00","breadcrumb":{"@id":"https:\/\/ideared.eu\/ca\/marketing-digital#breadcrumb"},"inLanguage":"ca","potentialAction":[{"@type":"ReadAction","target":["https:\/\/ideared.eu\/ca\/marketing-digital"]}]},{"@type":"BreadcrumbList","@id":"https:\/\/ideared.eu\/ca\/marketing-digital#breadcrumb","itemListElement":[{"@type":"ListItem","position":1,"name":"Home","item":"https:\/\/ideared.eu\/ca"},{"@type":"ListItem","position":2,"name":"Marketing"}]},{"@type":"WebSite","@id":"https:\/\/ideared.eu\/ca#website","url":"https:\/\/ideared.eu\/ca","name":"ideaRed","description":"Consultor\u00eda, marketing online y desarrollo web","potentialAction":[{"@type":"SearchAction","target":{"@type":"EntryPoint","urlTemplate":"https:\/\/ideared.eu\/ca?s={search_term_string}"},"query-input":{"@type":"PropertyValueSpecification","valueRequired":true,"valueName":"search_term_string"}}],"inLanguage":"ca"}]}},"_links":{"self":[{"href":"https:\/\/ideared.eu\/ca\/wp-json\/wp\/v2\/pages\/4250"}],"collection":[{"href":"https:\/\/ideared.eu\/ca\/wp-json\/wp\/v2\/pages"}],"about":[{"href":"https:\/\/ideared.eu\/ca\/wp-json\/wp\/v2\/types\/page"}],"author":[{"embeddable":true,"href":"https:\/\/ideared.eu\/ca\/wp-json\/wp\/v2\/users\/1"}],"replies":[{"embeddable":true,"href":"https:\/\/ideared.eu\/ca\/wp-json\/wp\/v2\/comments?post=4250"}],"version-history":[{"count":8,"href":"https:\/\/ideared.eu\/ca\/wp-json\/wp\/v2\/pages\/4250\/revisions"}],"predecessor-version":[{"id":4918,"href":"https:\/\/ideared.eu\/ca\/wp-json\/wp\/v2\/pages\/4250\/revisions\/4918"}],"wp:attachment":[{"href":"https:\/\/ideared.eu\/ca\/wp-json\/wp\/v2\/media?parent=4250"}],"curies":[{"name":"wp","href":"https:\/\/api.w.org\/{rel}","templated":true}]}}